{"id":5021,"date":"2020-02-17T10:50:23","date_gmt":"2020-02-17T09:50:23","guid":{"rendered":"https:\/\/www.cottage-milord.be\/?page_id=5021"},"modified":"2020-09-22T10:51:00","modified_gmt":"2020-09-22T08:51:00","slug":"devenir-membre","status":"publish","type":"page","link":"https:\/\/www.cottage-milord.be\/index.php\/devenir-membre\/","title":{"rendered":"Devenir membre"},"content":{"rendered":"<style type=\"text\/css\"> \n#cmsms_row_69f40b0a55a1c9_42435592 { \n\tbackground-color:#faf9f7; background-color:rgba(250, 249, 247, 1);\n} \n\n#cmsms_row_69f40b0a55a1c9_42435592 .cmsms_row_outer_parent { \n\tpadding-top: 40px; \n} \n\n#cmsms_row_69f40b0a55a1c9_42435592 .cmsms_row_outer_parent { \n\tpadding-bottom: 50px; \n} \n\n \n#cmsms_heading_69f40b0a55c8a6_45433902 { \n\ttext-align:left; \n\tmargin-top:0px; \n\tmargin-bottom:0px; \n} \n\n#cmsms_heading_69f40b0a55c8a6_45433902 .cmsms_heading { \n\ttext-align:left; \n} \n\n#cmsms_heading_69f40b0a55c8a6_45433902 .cmsms_heading, #cmsms_heading_69f40b0a55c8a6_45433902 .cmsms_heading a { \n\tfont-weight:bold; \n\tfont-style:normal; \n} \n\n#cmsms_heading_69f40b0a55c8a6_45433902 .cmsms_heading_divider { \n} \n\n \n#cmsms_heading_69f40b0a55cb16_73099294 { \n\ttext-align:left; \n\tmargin-top:0px; \n\tmargin-bottom:0px; \n} \n\n#cmsms_heading_69f40b0a55cb16_73099294 .cmsms_heading { \n\ttext-align:left; \n} \n\n#cmsms_heading_69f40b0a55cb16_73099294 .cmsms_heading, #cmsms_heading_69f40b0a55cb16_73099294 .cmsms_heading a { \n\tfont-weight:bold; \n\tfont-style:normal; \n\tcolor:#953c40; color:rgba(149, 60, 64, 1);\n} \n\n#cmsms_heading_69f40b0a55cb16_73099294 .cmsms_heading_divider { \n} \n\n \n#cmsms_row_69f40b0a55d9d4_41690638 .cmsms_row_outer_parent { \n\tpadding-top: 0px; \n} \n\n#cmsms_row_69f40b0a55d9d4_41690638 .cmsms_row_outer_parent { \n\tpadding-bottom: 0px; \n} \n\n#cmsms_row_69f40b0a55d9d4_41690638 .cmsms_row_inner.cmsms_row_fullwidth { \n\tpadding-left:0%; \n} \n#cmsms_row_69f40b0a55d9d4_41690638 .cmsms_row_inner.cmsms_row_fullwidth { \n\tpadding-right:0%; \n} \n \n#cmsms_divider_69f40b0a55e282_05374161 { \n\tborder-bottom-width:1px; \n\tborder-bottom-style:solid; \n\tpadding-top:0px; \n\tmargin-bottom:0px; \n} \n \n#cmsms_row_69f40b0a55e413_25151815 .cmsms_row_outer_parent { \n\tpadding-top: 50px; \n} \n\n#cmsms_row_69f40b0a55e413_25151815 .cmsms_row_outer_parent { \n\tpadding-bottom: 40px; \n} \n\n \n#cmsms_heading_69f40b0a55f295_70786613 { \n\ttext-align:left; \n\tmargin-top:0px; \n\tmargin-bottom:20px; \n} \n\n#cmsms_heading_69f40b0a55f295_70786613 .cmsms_heading { \n\ttext-align:left; \n} \n\n#cmsms_heading_69f40b0a55f295_70786613 .cmsms_heading, #cmsms_heading_69f40b0a55f295_70786613 .cmsms_heading a { \n\tfont-weight:bold; \n\tfont-style:normal; \n} \n\n#cmsms_heading_69f40b0a55f295_70786613 .cmsms_heading_divider { \n} \n\n\n#cmsms_button_69f40b0a55f454_62443458 { \n\tfloat:left; \n} \n\n#cmsms_button_69f40b0a55f454_62443458 .cmsms_button:before { \n\tmargin-right:.5em; \n\tmargin-left:0; \n\tvertical-align:baseline; \n} \n\n#cmsms_button_69f40b0a55f454_62443458 .cmsms_button { \n\tfont-weight:normal; \n\tfont-style:normal; \n\tborder-style:solid; \n} \n#cmsms_button_69f40b0a55f454_62443458 .cmsms_button:hover { \n} \n \n#cmsms_row_69f40b0a55f605_11330463 .cmsms_row_outer_parent { \n\tpadding-top: 0px; \n} \n\n#cmsms_row_69f40b0a55f605_11330463 .cmsms_row_outer_parent { \n\tpadding-bottom: 0px; \n} \n\n#cmsms_row_69f40b0a55f605_11330463 .cmsms_row_inner.cmsms_row_fullwidth { \n\tpadding-left:0%; \n} \n#cmsms_row_69f40b0a55f605_11330463 .cmsms_row_inner.cmsms_row_fullwidth { \n\tpadding-right:0%; \n} \n \n#cmsms_divider_69f40b0a55f991_94592320 { \n\tborder-bottom-width:1px; \n\tborder-bottom-style:solid; \n\tpadding-top:0px; \n\tmargin-bottom:0px; \n} \n \n#cmsms_row_69f40b0a55fac4_47766624 { \n\tbackground-color:#fcfcfc; background-color:rgba(252, 252, 252, 1);\n} \n\n#cmsms_row_69f40b0a55fac4_47766624 .cmsms_row_outer_parent { \n\tpadding-top: 50px; \n} \n\n#cmsms_row_69f40b0a55fac4_47766624 .cmsms_row_outer_parent { \n\tpadding-bottom: 50px; \n} \n\n \n#cmsms_heading_69f40b0a560271_71139177 { \n\ttext-align:left; \n\tmargin-top:0px; \n\tmargin-bottom:20px; \n} \n\n#cmsms_heading_69f40b0a560271_71139177 .cmsms_heading { \n\ttext-align:left; \n} \n\n#cmsms_heading_69f40b0a560271_71139177 .cmsms_heading, #cmsms_heading_69f40b0a560271_71139177 .cmsms_heading a { \n\tfont-weight:bold; \n\tfont-style:normal; \n} \n\n#cmsms_heading_69f40b0a560271_71139177 .cmsms_heading_divider { \n} \n\n \n#cmsms_row_69f40b0a5665a8_40206580 .cmsms_row_outer_parent { \n\tpadding-top: 0px; \n} \n\n#cmsms_row_69f40b0a5665a8_40206580 .cmsms_row_outer_parent { \n\tpadding-bottom: 0px; \n} \n\n#cmsms_row_69f40b0a5665a8_40206580 .cmsms_row_inner.cmsms_row_fullwidth { \n\tpadding-left:0%; \n} \n#cmsms_row_69f40b0a5665a8_40206580 .cmsms_row_inner.cmsms_row_fullwidth { \n\tpadding-right:0%; \n} \n \n#cmsms_divider_69f40b0a566a91_44103611 { \n\tborder-bottom-width:1px; \n\tborder-bottom-style:solid; \n\tpadding-top:0px; \n\tmargin-bottom:0px; \n} \n \n#cmsms_row_69f40b0a566be9_63191380 .cmsms_row_outer_parent { \n\tpadding-top: 30px; \n} \n\n#cmsms_row_69f40b0a566be9_63191380 .cmsms_row_outer_parent { \n\tpadding-bottom: 0px; \n} \n\n \n#cmsms_heading_69f40b0a567579_67818533 { \n\ttext-align:center; \n\tmargin-top:15px; \n\tmargin-bottom:15px; \n} \n\n#cmsms_heading_69f40b0a567579_67818533 .cmsms_heading { \n\ttext-align:center; \n} \n\n#cmsms_heading_69f40b0a567579_67818533 .cmsms_heading, #cmsms_heading_69f40b0a567579_67818533 .cmsms_heading a { \n\tfont-weight:bold; \n\tfont-style:normal; \n} \n\n#cmsms_heading_69f40b0a567579_67818533 .cmsms_heading_divider { \n} \n\n\n#cmsms_button_69f40b0a567716_22653834 { \n\ttext-align:center; \n} \n\n#cmsms_button_69f40b0a567716_22653834 .cmsms_button:before { \n\tmargin-right:.5em; \n\tmargin-left:0; \n\tvertical-align:baseline; \n} \n\n#cmsms_button_69f40b0a567716_22653834 .cmsms_button { \n\tfont-weight:normal; \n\tfont-style:normal; \n\tborder-style:solid; \n} \n#cmsms_button_69f40b0a567716_22653834 .cmsms_button:hover { \n} \n \n#cmsms_divider_69f40b0a567881_44908652 { \n\tborder-bottom-width:0px; \n\tborder-bottom-style:solid; \n\tpadding-top:10px; \n\tmargin-bottom:20px; \n} \n \n#cmsms_row_69f40b0a567a26_49972956 .cmsms_row_outer_parent { \n\tpadding-top: 30px; \n} \n\n#cmsms_row_69f40b0a567a26_49972956 .cmsms_row_outer_parent { \n\tpadding-bottom: 0px; \n} \n\n<\/style><div id=\"cmsms_row_69f40b0a55a1c9_42435592\" class=\"cmsms_row cmsms_color_scheme_default\">\n<div class=\"cmsms_row_outer_parent\">\n<div class=\"cmsms_row_outer\">\n<div class=\"cmsms_row_inner\">\n<div class=\"cmsms_row_margin\">\n<div class=\"cmsms_column one_first\">\n\n<div id=\"cmsms_heading_69f40b0a55c8a6_45433902\" class=\"cmsms_heading_wrap cmsms_heading_align_left\">\n\t<h2 class=\"cmsms_heading\">Devenir membre<\/h2>\n<\/div>\n<div id=\"cmsms_heading_69f40b0a55cb16_73099294\" class=\"cmsms_heading_wrap cmsms_heading_align_left\">\n\t<h5 class=\"cmsms_heading\">Comment devenir membre du cottage de Milord ?<\/h5>\n<\/div>\n<\/div>\n<\/div>\n<\/div>\n<\/div>\n<\/div>\n<\/div>\n<div id=\"cmsms_row_69f40b0a55d9d4_41690638\" class=\"cmsms_row cmsms_color_scheme_default\">\n<div class=\"cmsms_row_outer_parent\">\n<div class=\"cmsms_row_outer\">\n<div class=\"cmsms_row_inner cmsms_row_fullwidth\">\n<div class=\"cmsms_row_margin\">\n<div class=\"cmsms_column one_first\">\n\n<div id=\"cmsms_divider_69f40b0a55e282_05374161\" class=\"cmsms_divider cmsms_divider_width_long cmsms_divider_pos_center\"><\/div>\n<\/div>\n<\/div>\n<\/div>\n<\/div>\n<\/div>\n<\/div>\n<div id=\"cmsms_row_69f40b0a55e413_25151815\" class=\"cmsms_row cmsms_color_scheme_default\">\n<div class=\"cmsms_row_outer_parent\">\n<div class=\"cmsms_row_outer\">\n<div class=\"cmsms_row_inner\">\n<div class=\"cmsms_row_margin\">\n<div class=\"cmsms_column one_half\">\n<div class=\"cmsms_text\">\n<p>Devenir membre de l\u2019ASBL permet d\u2019assister \u00e0 l\u2019assembl\u00e9e g\u00e9n\u00e9rale annuelle.<\/p>\n<p>La cotisation annuelle est de 30\u20ac.<\/p>\n<p>Vous pouvez verser votre cotisation gr\u00e2ce \u00e0 un simple <strong>virement bancaire<\/strong>\u00a0au compte suivant :<br \/>\nBNP PARIBAS FORTIS\u00a0<strong>BE61 0018 4149 8217<\/strong><\/p>\n<p>Merci d&rsquo;indiquer en communication \u00ab\u00a0membre\u00a0\u00bb + vos nom et pr\u00e9nom<\/p>\n<\/div>\n<\/div>\n<div class=\"cmsms_column one_half\" data-animation=\"slideInRight\">\n\n<div id=\"cmsms_heading_69f40b0a55f295_70786613\" class=\"cmsms_heading_wrap cmsms_heading_align_left\">\n\t<h3 class=\"cmsms_heading\">Autres actions possibles<\/h3>\n<\/div>\n<div id=\"cmsms_button_69f40b0a55f454_62443458\" class=\"button_wrap\"><a href=\"https:\/\/www.cottage-milord.be\/index.php\/nous-aider\/\" class=\"cmsms_button\"><span>En savoir plus sur les legs, le sponsoring et les partenariats<\/span><\/a><\/div>\n<\/div>\n<\/div>\n<\/div>\n<\/div>\n<\/div>\n<\/div>\n<div id=\"cmsms_row_69f40b0a55f605_11330463\" class=\"cmsms_row cmsms_color_scheme_default\">\n<div class=\"cmsms_row_outer_parent\">\n<div class=\"cmsms_row_outer\">\n<div class=\"cmsms_row_inner cmsms_row_fullwidth\">\n<div class=\"cmsms_row_margin\">\n<div class=\"cmsms_column one_first\">\n\n<div id=\"cmsms_divider_69f40b0a55f991_94592320\" class=\"cmsms_divider cmsms_divider_width_long cmsms_divider_pos_center\"><\/div>\n<\/div>\n<\/div>\n<\/div>\n<\/div>\n<\/div>\n<\/div>\n<div id=\"cmsms_row_69f40b0a55fac4_47766624\" class=\"cmsms_row cmsms_color_scheme_default\">\n<div class=\"cmsms_row_outer_parent\">\n<div class=\"cmsms_row_outer\">\n<div class=\"cmsms_row_inner\">\n<div class=\"cmsms_row_margin\">\n<div class=\"cmsms_column one_first\">\n\n<div id=\"cmsms_heading_69f40b0a560271_71139177\" class=\"cmsms_heading_wrap cmsms_heading_align_left\">\n\t<h3 class=\"cmsms_heading\">Je souhaite devenir membre, je remplis le formulaire.<\/h3>\n<\/div>\n<div class=\"cmsms_contact_form\"><div role=\"form\" class=\"wpcf7\" id=\"wpcf7-f5028-o1\" lang=\"fr-FR\" dir=\"ltr\">\n<div class=\"screen-reader-response\"><p role=\"status\" aria-live=\"polite\" aria-atomic=\"true\"><\/p> <ul><\/ul><\/div>\n<form action=\"\/index.php\/wp-json\/wp\/v2\/pages\/5021#wpcf7-f5028-o1\" method=\"post\" class=\"wpcf7-form init\" novalidate=\"novalidate\" data-status=\"init\">\n<div style=\"display: none;\">\n<input type=\"hidden\" name=\"_wpcf7\" value=\"5028\" \/>\n<input type=\"hidden\" name=\"_wpcf7_version\" value=\"5.6.2\" \/>\n<input type=\"hidden\" name=\"_wpcf7_locale\" value=\"fr_FR\" \/>\n<input type=\"hidden\" name=\"_wpcf7_unit_tag\" value=\"wpcf7-f5028-o1\" \/>\n<input type=\"hidden\" name=\"_wpcf7_container_post\" value=\"0\" \/>\n<input type=\"hidden\" name=\"_wpcf7_posted_data_hash\" value=\"\" \/>\n<input type=\"hidden\" name=\"_wpcf7_recaptcha_response\" value=\"\" \/>\n<\/div>\n<p><label> Votre nom (obligatoire)<br \/>\n    <span class=\"wpcf7-form-control-wrap\" data-name=\"your-name\"><input type=\"text\" name=\"your-name\" value=\"\" size=\"40\" class=\"wpcf7-form-control wpcf7-text wpcf7-validates-as-required\" aria-required=\"true\" aria-invalid=\"false\" \/><\/span> <\/label><\/p>\n<p><label> Votre pr\u00e9nom (obligatoire)<br \/>\n    <span class=\"wpcf7-form-control-wrap\" data-name=\"text-747\"><input type=\"text\" name=\"text-747\" value=\"\" size=\"40\" class=\"wpcf7-form-control wpcf7-text wpcf7-validates-as-required\" aria-required=\"true\" aria-invalid=\"false\" \/><\/span> <\/label><\/p>\n<p><label> Votre adresse mail (obligatoire)<br \/>\n    <span class=\"wpcf7-form-control-wrap\" data-name=\"your-email\"><input type=\"email\" name=\"your-email\" value=\"\" size=\"40\" class=\"wpcf7-form-control wpcf7-text wpcf7-email wpcf7-validates-as-required wpcf7-validates-as-email\" aria-required=\"true\" aria-invalid=\"false\" \/><\/span> <\/label><\/p>\n<p><label> N\u00b0 de t\u00e9l\u00e9phone (obligatoire)<br \/>\n    <span class=\"wpcf7-form-control-wrap\" data-name=\"tel-244\"><input type=\"tel\" name=\"tel-244\" value=\"\" size=\"40\" class=\"wpcf7-form-control wpcf7-text wpcf7-tel wpcf7-validates-as-required wpcf7-validates-as-tel\" aria-required=\"true\" aria-invalid=\"false\" \/><\/span> <\/label><\/p>\n<p><label> Adresse e-mail (obligatoire)<br \/>\n    <span class=\"wpcf7-form-control-wrap\" data-name=\"email-147\"><input type=\"email\" name=\"email-147\" value=\"\" size=\"40\" class=\"wpcf7-form-control wpcf7-text wpcf7-email wpcf7-validates-as-required wpcf7-validates-as-email\" aria-required=\"true\" aria-invalid=\"false\" \/><\/span> <\/label><\/p>\n<p><input type=\"submit\" value=\"Envoyer\" class=\"wpcf7-form-control has-spinner wpcf7-submit\" \/><\/p>\n<p style=\"display: none !important;\"><label>&#916;<textarea name=\"_wpcf7_ak_hp_textarea\" cols=\"45\" rows=\"8\" maxlength=\"100\"><\/textarea><\/label><input type=\"hidden\" id=\"ak_js_1\" name=\"_wpcf7_ak_js\" value=\"161\"\/><script>document.getElementById( \"ak_js_1\" ).setAttribute( \"value\", ( new Date() ).getTime() );<\/script><\/p><div class=\"wpcf7-response-output\" aria-hidden=\"true\"><\/div><\/form><\/div><\/div>\n<\/div>\n<\/div>\n<\/div>\n<\/div>\n<\/div>\n<\/div>\n<div id=\"cmsms_row_69f40b0a5665a8_40206580\" class=\"cmsms_row cmsms_color_scheme_default\">\n<div class=\"cmsms_row_outer_parent\">\n<div class=\"cmsms_row_outer\">\n<div class=\"cmsms_row_inner cmsms_row_fullwidth\">\n<div class=\"cmsms_row_margin\">\n<div class=\"cmsms_column one_first\">\n\n<div id=\"cmsms_divider_69f40b0a566a91_44103611\" class=\"cmsms_divider cmsms_divider_width_long cmsms_divider_pos_center\"><\/div>\n<\/div>\n<\/div>\n<\/div>\n<\/div>\n<\/div>\n<\/div>\n<div id=\"cmsms_row_69f40b0a566be9_63191380\" class=\"cmsms_row cmsms_color_scheme_default\">\n<div class=\"cmsms_row_outer_parent\">\n<div class=\"cmsms_row_outer\">\n<div class=\"cmsms_row_inner\">\n<div class=\"cmsms_row_margin\">\n<div class=\"cmsms_column one_first\">\n\n<div id=\"cmsms_heading_69f40b0a567579_67818533\" class=\"cmsms_heading_wrap cmsms_heading_align_center\">\n\t<h3 class=\"cmsms_heading\">Vous voulez vous impliquer comme b\u00e9n\u00e9vole \u00e0 nos c\u00f4t\u00e9s ?<\/h3>\n<\/div>\n<div id=\"cmsms_button_69f40b0a567716_22653834\" class=\"button_wrap\"><a href=\"https:\/\/www.cottage-milord.be\/index.php\/contact\/\" class=\"cmsms_button\"><span>Contactez-nous<\/span><\/a><\/div>\n\n<div id=\"cmsms_divider_69f40b0a567881_44908652\" class=\"cl\"><\/div>\n<\/div>\n<\/div>\n<\/div>\n<\/div>\n<\/div>\n<\/div>\n<div id=\"cmsms_row_69f40b0a567a26_49972956\" class=\"cmsms_row cmsms_color_scheme_second\">\n<div class=\"cmsms_row_outer_parent\">\n<div class=\"cmsms_row_outer\">\n<div class=\"cmsms_row_inner\">\n<div class=\"cmsms_row_margin\">\n<div class=\"cmsms_column one_first\">\n<div class=\"cmsms_sidebar sidebar_layout_14141414\"><aside id=\"custom_html-3\" class=\"widget_text widget widget_custom_html\"><div class=\"textwidget custom-html-widget\"><div style=\"padding-left:60px;\">\r\n<h5 style=\"margin-top: 15px;\">\r\nLe cottage de Milord\r\n<\/h5>\r\n<p style=\"color:white;font-weight:bold;font-size:14px;\">\r\n\tRue des M\u00e9l\u00e8zes, 7<br \/>\r\n\t6820 Florenville (Belgique)<br \/>\r\n\t+32 475 24 89 59<br \/>\r\n  +32 61 37 46 05\r\n<\/p>\r\n<\/div><\/div><\/aside><aside id=\"media_image-2\" class=\"widget widget_media_image\"><a href=\"https:\/\/www.paypal.com\/cgi-bin\/webscr?cmd=_s-xclick&#038;hosted_button_id=43VGFK93Y4NLQ&#038;source=url\"><img width=\"300\" height=\"150\" src=\"https:\/\/www.cottage-milord.be\/wp-content\/uploads\/2019\/11\/faire-un-don-paypal-300x150.png\" class=\"image wp-image-4447  attachment-medium size-medium\" alt=\"\" loading=\"lazy\" style=\"max-width: 100%; height: auto;\" srcset=\"https:\/\/www.cottage-milord.be\/wp-content\/uploads\/2019\/11\/faire-un-don-paypal-300x150.png 300w, https:\/\/www.cottage-milord.be\/wp-content\/uploads\/2019\/11\/faire-un-don-paypal.png 400w\" sizes=\"(max-width: 300px) 100vw, 300px\" \/><\/a><\/aside><aside id=\"custom_html-2\" class=\"widget_text widget widget_custom_html\"><div class=\"textwidget custom-html-widget\"><script>(function() {\n\twindow.mc4wp = window.mc4wp || {\n\t\tlisteners: [],\n\t\tforms: {\n\t\t\ton: function(evt, cb) {\n\t\t\t\twindow.mc4wp.listeners.push(\n\t\t\t\t\t{\n\t\t\t\t\t\tevent   : evt,\n\t\t\t\t\t\tcallback: cb\n\t\t\t\t\t}\n\t\t\t\t);\n\t\t\t}\n\t\t}\n\t}\n})();\n<\/script><!-- Mailchimp for WordPress v4.8.7 - https:\/\/wordpress.org\/plugins\/mailchimp-for-wp\/ --><form id=\"mc4wp-form-1\" class=\"mc4wp-form mc4wp-form-4476 mc4wp-form-basic\" method=\"post\" data-id=\"4476\" data-name=\"Site web - Abonnement newsletter\" ><div class=\"mc4wp-form-fields\"><h5>\r\n  Abonnement newsletter\r\n<\/h5>\r\n<p>\r\n\t<label>\r\n\t\t<input  type=\"email\" name=\"EMAIL\" placeholder=\"Inscrivez ici votre e-mail\" required \/>\r\n<\/label><input type=\"submit\" value=\"Je m'abonne\" \/>\r\n<\/p><\/div><label style=\"display: none !important;\">Laissez ce champ vide si vous \u00eates humain\u00a0: <input type=\"text\" name=\"_mc4wp_honeypot\" value=\"\" tabindex=\"-1\" autocomplete=\"off\" \/><\/label><input type=\"hidden\" name=\"_mc4wp_timestamp\" value=\"1777601290\" \/><input type=\"hidden\" name=\"_mc4wp_form_id\" value=\"4476\" \/><input type=\"hidden\" name=\"_mc4wp_form_element_id\" value=\"mc4wp-form-1\" \/><div class=\"mc4wp-response\"><\/div><\/form><!-- \/ Mailchimp for WordPress Plugin --><\/div><\/aside><aside id=\"block-2\" class=\"widget widget_block\"><h5 style=\"margin-top: 15px;\">\r\nHeures d'ouverture\r\n<\/h5>\r\n<p style=\"color:white;font-weight:bold;font-size:14px;\">\r\n\tTous les jours (WE inclus)<br>\r\n01-04 au 30-09 : de 9 \u00e0 13h<br>\r\n01-10 au 31-03 : de 10 \u00e0 13h<br>\r\nApr\u00e8s-midi sur RV<br>\r\n<\/p><\/aside><div class=\"cl\"><\/div>\n<\/div>\n<\/div>\n<\/div>\n<\/div>\n<\/div>\n<\/div>\n<\/div>\n\n","protected":false},"excerpt":{"rendered":"","protected":false},"author":1,"featured_media":0,"parent":0,"menu_order":0,"comment_status":"closed","ping_status":"closed","template":"","meta":{"_mi_skip_tracking":false},"yoast_head":"<!-- This site is optimized with the Yoast SEO plugin v19.5.1 - https:\/\/yoast.com\/wordpress\/plugins\/seo\/ -->\n<title>Devenir membre - Le cottage de Milord<\/title>\n<meta name=\"robots\" content=\"index, follow, max-snippet:-1, max-image-preview:large, max-video-preview:-1\" \/>\n<link rel=\"canonical\" href=\"https:\/\/www.cottage-milord.be\/index.php\/devenir-membre\/\" \/>\n<meta property=\"og:locale\" content=\"fr_FR\" \/>\n<meta property=\"og:type\" content=\"article\" \/>\n<meta property=\"og:title\" content=\"Devenir membre - Le cottage de Milord\" \/>\n<meta property=\"og:url\" content=\"https:\/\/www.cottage-milord.be\/index.php\/devenir-membre\/\" \/>\n<meta property=\"og:site_name\" content=\"Le cottage de Milord\" \/>\n<meta property=\"article:publisher\" content=\"https:\/\/www.facebook.com\/cottagemilordasbl\/\" \/>\n<meta property=\"article:modified_time\" content=\"2020-09-22T08:51:00+00:00\" \/>\n<meta name=\"twitter:card\" content=\"summary_large_image\" \/>\n<meta name=\"twitter:label1\" content=\"Dur\u00e9e de lecture estim\u00e9e\" \/>\n\t<meta name=\"twitter:data1\" content=\"3 minutes\" \/>\n<script type=\"application\/ld+json\" class=\"yoast-schema-graph\">{\"@context\":\"https:\/\/schema.org\",\"@graph\":[{\"@type\":\"WebPage\",\"@id\":\"https:\/\/www.cottage-milord.be\/index.php\/devenir-membre\/\",\"url\":\"https:\/\/www.cottage-milord.be\/index.php\/devenir-membre\/\",\"name\":\"Devenir membre - Le cottage de Milord\",\"isPartOf\":{\"@id\":\"https:\/\/www.cottage-milord.be\/#website\"},\"datePublished\":\"2020-02-17T09:50:23+00:00\",\"dateModified\":\"2020-09-22T08:51:00+00:00\",\"breadcrumb\":{\"@id\":\"https:\/\/www.cottage-milord.be\/index.php\/devenir-membre\/#breadcrumb\"},\"inLanguage\":\"fr-FR\",\"potentialAction\":[{\"@type\":\"ReadAction\",\"target\":[\"https:\/\/www.cottage-milord.be\/index.php\/devenir-membre\/\"]}]},{\"@type\":\"BreadcrumbList\",\"@id\":\"https:\/\/www.cottage-milord.be\/index.php\/devenir-membre\/#breadcrumb\",\"itemListElement\":[{\"@type\":\"ListItem\",\"position\":1,\"name\":\"Home\",\"item\":\"https:\/\/www.cottage-milord.be\/\"},{\"@type\":\"ListItem\",\"position\":2,\"name\":\"Devenir membre\"}]},{\"@type\":\"WebSite\",\"@id\":\"https:\/\/www.cottage-milord.be\/#website\",\"url\":\"https:\/\/www.cottage-milord.be\/\",\"name\":\"Le cottage de Milord\",\"description\":\"Refuge et pension pour chiens &amp; chats - Florenville\",\"potentialAction\":[{\"@type\":\"SearchAction\",\"target\":{\"@type\":\"EntryPoint\",\"urlTemplate\":\"https:\/\/www.cottage-milord.be\/?s={search_term_string}\"},\"query-input\":\"required name=search_term_string\"}],\"inLanguage\":\"fr-FR\"}]}<\/script>\n<!-- \/ Yoast SEO plugin. -->","yoast_head_json":{"title":"Devenir membre - Le cottage de Milord","robots":{"index":"index","follow":"follow","max-snippet":"max-snippet:-1","max-image-preview":"max-image-preview:large","max-video-preview":"max-video-preview:-1"},"canonical":"https:\/\/www.cottage-milord.be\/index.php\/devenir-membre\/","og_locale":"fr_FR","og_type":"article","og_title":"Devenir membre - Le cottage de Milord","og_url":"https:\/\/www.cottage-milord.be\/index.php\/devenir-membre\/","og_site_name":"Le cottage de Milord","article_publisher":"https:\/\/www.facebook.com\/cottagemilordasbl\/","article_modified_time":"2020-09-22T08:51:00+00:00","twitter_card":"summary_large_image","twitter_misc":{"Dur\u00e9e de lecture estim\u00e9e":"3 minutes"},"schema":{"@context":"https:\/\/schema.org","@graph":[{"@type":"WebPage","@id":"https:\/\/www.cottage-milord.be\/index.php\/devenir-membre\/","url":"https:\/\/www.cottage-milord.be\/index.php\/devenir-membre\/","name":"Devenir membre - Le cottage de Milord","isPartOf":{"@id":"https:\/\/www.cottage-milord.be\/#website"},"datePublished":"2020-02-17T09:50:23+00:00","dateModified":"2020-09-22T08:51:00+00:00","breadcrumb":{"@id":"https:\/\/www.cottage-milord.be\/index.php\/devenir-membre\/#breadcrumb"},"inLanguage":"fr-FR","potentialAction":[{"@type":"ReadAction","target":["https:\/\/www.cottage-milord.be\/index.php\/devenir-membre\/"]}]},{"@type":"BreadcrumbList","@id":"https:\/\/www.cottage-milord.be\/index.php\/devenir-membre\/#breadcrumb","itemListElement":[{"@type":"ListItem","position":1,"name":"Home","item":"https:\/\/www.cottage-milord.be\/"},{"@type":"ListItem","position":2,"name":"Devenir membre"}]},{"@type":"WebSite","@id":"https:\/\/www.cottage-milord.be\/#website","url":"https:\/\/www.cottage-milord.be\/","name":"Le cottage de Milord","description":"Refuge et pension pour chiens &amp; chats - Florenville","potentialAction":[{"@type":"SearchAction","target":{"@type":"EntryPoint","urlTemplate":"https:\/\/www.cottage-milord.be\/?s={search_term_string}"},"query-input":"required name=search_term_string"}],"inLanguage":"fr-FR"}]}},"_links":{"self":[{"href":"https:\/\/www.cottage-milord.be\/index.php\/wp-json\/wp\/v2\/pages\/5021"}],"collection":[{"href":"https:\/\/www.cottage-milord.be\/index.php\/wp-json\/wp\/v2\/pages"}],"about":[{"href":"https:\/\/www.cottage-milord.be\/index.php\/wp-json\/wp\/v2\/types\/page"}],"author":[{"embeddable":true,"href":"https:\/\/www.cottage-milord.be\/index.php\/wp-json\/wp\/v2\/users\/1"}],"replies":[{"embeddable":true,"href":"https:\/\/www.cottage-milord.be\/index.php\/wp-json\/wp\/v2\/comments?post=5021"}],"version-history":[{"count":7,"href":"https:\/\/www.cottage-milord.be\/index.php\/wp-json\/wp\/v2\/pages\/5021\/revisions"}],"predecessor-version":[{"id":5159,"href":"https:\/\/www.cottage-milord.be\/index.php\/wp-json\/wp\/v2\/pages\/5021\/revisions\/5159"}],"wp:attachment":[{"href":"https:\/\/www.cottage-milord.be\/index.php\/wp-json\/wp\/v2\/media?parent=5021"}],"curies":[{"name":"wp","href":"https:\/\/api.w.org\/{rel}","templated":true}]}}