{"id":4503,"date":"2019-11-07T22:36:08","date_gmt":"2019-11-07T21:36:08","guid":{"rendered":"https:\/\/www.cottage-milord.be\/v1\/?page_id=4503"},"modified":"2021-01-21T10:54:57","modified_gmt":"2021-01-21T09:54:57","slug":"don","status":"publish","type":"page","link":"https:\/\/www.cottage-milord.be\/index.php\/don\/","title":{"rendered":"Faire un don"},"content":{"rendered":"<style type=\"text\/css\"> \n#cmsms_row_69f2032f629e94_77772507 .cmsms_row_outer_parent { \n\tpadding-top: 50px; \n} \n\n#cmsms_row_69f2032f629e94_77772507 .cmsms_row_outer_parent { \n\tpadding-bottom: 60px; \n} \n\n \n#cmsms_heading_69f2032f6327f1_16493166 { \n\ttext-align:left; \n\tmargin-top:0px; \n\tmargin-bottom:30px; \n} \n\n#cmsms_heading_69f2032f6327f1_16493166 .cmsms_heading { \n\ttext-align:left; \n} \n\n#cmsms_heading_69f2032f6327f1_16493166 .cmsms_heading, #cmsms_heading_69f2032f6327f1_16493166 .cmsms_heading a { \n\tfont-weight:700; \n\tfont-style:normal; \n} \n\n#cmsms_heading_69f2032f6327f1_16493166 .cmsms_heading_divider { \n} \n\n \n#cmsms_row_69f2032f632f50_77009135 .cmsms_row_outer_parent { \n\tpadding-top: 30px; \n} \n\n#cmsms_row_69f2032f632f50_77009135 .cmsms_row_outer_parent { \n\tpadding-bottom: 0px; \n} \n\n<\/style><div id=\"cmsms_row_69f2032f629e94_77772507\" class=\"cmsms_row cmsms_color_scheme_default\">\n<div class=\"cmsms_row_outer_parent\">\n<div class=\"cmsms_row_outer\">\n<div class=\"cmsms_row_inner\">\n<div class=\"cmsms_row_margin\">\n<div class=\"cmsms_column one_half\">\n<div class=\"cmsms_img  cmsms_image_n\">\n<img src=\"https:\/\/www.cottage-milord.be\/wp-content\/uploads\/2019\/11\/faire-un-don-1.jpg\" alt=\"Faire un don\" \/>\n<\/div>\n<\/div>\n<div class=\"cmsms_column one_half\">\n\n<div id=\"cmsms_heading_69f2032f6327f1_16493166\" class=\"cmsms_heading_wrap cmsms_heading_align_left\">\n\t<h2 class=\"cmsms_heading\">Am\u00e9liorez la vie des petits animaux !<\/h2>\n<\/div><div class=\"cmsms_text\">\n<div class=\"cmsms_text\" style=\"font-size: 14px;\">\n<p>L&rsquo;ASBL n&rsquo;est pas subventionn\u00e9e; elle fonctionne sur fonds priv\u00e9s et gr\u00e2ce aux dons, legs, actions ponctuelles, frais d&rsquo;adoptions et revenus de la pension et de la brocante.<\/p>\n<p>Vous pouvez faire un don gr\u00e2ce \u00e0 un simple <strong>virement bancaire<\/strong> au compte suivant :<br \/>\nBNP PARIBAS FORTIS <strong>BE61 0018 4149 8217<\/strong><\/p>\n<p>Vous pouvez \u00e9galement faire un <strong>don en ligne<\/strong> en cliquant sur le bouton ci-dessous.<\/p>\n<p>Et m\u00eame, initier un <strong>don r\u00e9gulier<\/strong> afin de nous soutenir chaque mois !<\/p>\n<\/div>\n<\/div>\n<div class=\"custom_html\">\n<form action=\"https:\/\/www.paypal.com\/donate\" method=\"post\" target=\"_top\">\n<input type=\"hidden\" name=\"hosted_button_id\" value=\"AKM6FMN6LGP4E\" \/><br \/>\n<input type=\"image\" src=\"https:\/\/www.cottage-milord.be\/wp-content\/uploads\/2021\/01\/don-paypal.png\" border=\"0\" name=\"submit\" title=\"PayPal - The safer, easier way to pay online!\" alt=\"Donate with PayPal button\" \/><br \/>\n<img alt=\"\" border=\"0\" src=\"https:\/\/www.paypal.com\/fr_BE\/i\/scr\/pixel.gif\" width=\"1\" height=\"1\" \/><br \/>\n<\/form>\n<\/div>\n<\/div>\n<\/div>\n<\/div>\n<\/div>\n<\/div>\n<\/div>\n<div id=\"cmsms_row_69f2032f632f50_77009135\" class=\"cmsms_row cmsms_color_scheme_second\">\n<div class=\"cmsms_row_outer_parent\">\n<div class=\"cmsms_row_outer\">\n<div class=\"cmsms_row_inner\">\n<div class=\"cmsms_row_margin\">\n<div class=\"cmsms_column one_first\">\n<div class=\"cmsms_sidebar sidebar_layout_14141414\"><aside id=\"custom_html-3\" class=\"widget_text widget widget_custom_html\"><div class=\"textwidget custom-html-widget\"><div style=\"padding-left:60px;\">\r\n<h5 style=\"margin-top: 15px;\">\r\nLe cottage de Milord\r\n<\/h5>\r\n<p style=\"color:white;font-weight:bold;font-size:14px;\">\r\n\tRue des M\u00e9l\u00e8zes, 7<br \/>\r\n\t6820 Florenville (Belgique)<br \/>\r\n\t+32 475 24 89 59<br \/>\r\n  +32 61 37 46 05\r\n<\/p>\r\n<\/div><\/div><\/aside><aside id=\"media_image-2\" class=\"widget widget_media_image\"><a href=\"https:\/\/www.paypal.com\/cgi-bin\/webscr?cmd=_s-xclick&#038;hosted_button_id=43VGFK93Y4NLQ&#038;source=url\"><img width=\"300\" height=\"150\" src=\"https:\/\/www.cottage-milord.be\/wp-content\/uploads\/2019\/11\/faire-un-don-paypal-300x150.png\" class=\"image wp-image-4447  attachment-medium size-medium\" alt=\"\" loading=\"lazy\" style=\"max-width: 100%; height: auto;\" srcset=\"https:\/\/www.cottage-milord.be\/wp-content\/uploads\/2019\/11\/faire-un-don-paypal-300x150.png 300w, https:\/\/www.cottage-milord.be\/wp-content\/uploads\/2019\/11\/faire-un-don-paypal.png 400w\" sizes=\"(max-width: 300px) 100vw, 300px\" \/><\/a><\/aside><aside id=\"custom_html-2\" class=\"widget_text widget widget_custom_html\"><div class=\"textwidget custom-html-widget\"><script>(function() {\n\twindow.mc4wp = window.mc4wp || {\n\t\tlisteners: [],\n\t\tforms: {\n\t\t\ton: function(evt, cb) {\n\t\t\t\twindow.mc4wp.listeners.push(\n\t\t\t\t\t{\n\t\t\t\t\t\tevent   : evt,\n\t\t\t\t\t\tcallback: cb\n\t\t\t\t\t}\n\t\t\t\t);\n\t\t\t}\n\t\t}\n\t}\n})();\n<\/script><!-- Mailchimp for WordPress v4.8.7 - https:\/\/wordpress.org\/plugins\/mailchimp-for-wp\/ --><form id=\"mc4wp-form-1\" class=\"mc4wp-form mc4wp-form-4476 mc4wp-form-basic\" method=\"post\" data-id=\"4476\" data-name=\"Site web - Abonnement newsletter\" ><div class=\"mc4wp-form-fields\"><h5>\r\n  Abonnement newsletter\r\n<\/h5>\r\n<p>\r\n\t<label>\r\n\t\t<input  type=\"email\" name=\"EMAIL\" placeholder=\"Inscrivez ici votre e-mail\" required \/>\r\n<\/label><input type=\"submit\" value=\"Je m'abonne\" \/>\r\n<\/p><\/div><label style=\"display: none !important;\">Laissez ce champ vide si vous \u00eates humain\u00a0: <input type=\"text\" name=\"_mc4wp_honeypot\" value=\"\" tabindex=\"-1\" autocomplete=\"off\" \/><\/label><input type=\"hidden\" name=\"_mc4wp_timestamp\" value=\"1777468207\" \/><input type=\"hidden\" name=\"_mc4wp_form_id\" value=\"4476\" \/><input type=\"hidden\" name=\"_mc4wp_form_element_id\" value=\"mc4wp-form-1\" \/><div class=\"mc4wp-response\"><\/div><\/form><!-- \/ Mailchimp for WordPress Plugin --><\/div><\/aside><aside id=\"block-2\" class=\"widget widget_block\"><h5 style=\"margin-top: 15px;\">\r\nHeures d'ouverture\r\n<\/h5>\r\n<p style=\"color:white;font-weight:bold;font-size:14px;\">\r\n\tTous les jours (WE inclus)<br>\r\n01-04 au 30-09 : de 9 \u00e0 13h<br>\r\n01-10 au 31-03 : de 10 \u00e0 13h<br>\r\nApr\u00e8s-midi sur RV<br>\r\n<\/p><\/aside><div class=\"cl\"><\/div>\n<\/div>\n<\/div>\n<\/div>\n<\/div>\n<\/div>\n<\/div>\n<\/div>\n\n","protected":false},"excerpt":{"rendered":"","protected":false},"author":1,"featured_media":0,"parent":0,"menu_order":0,"comment_status":"closed","ping_status":"closed","template":"","meta":{"_mi_skip_tracking":false},"yoast_head":"<!-- This site is optimized with the Yoast SEO plugin v19.5.1 - https:\/\/yoast.com\/wordpress\/plugins\/seo\/ -->\n<title>Faire un don - Le cottage de Milord<\/title>\n<meta name=\"robots\" content=\"index, follow, max-snippet:-1, max-image-preview:large, max-video-preview:-1\" \/>\n<link rel=\"canonical\" href=\"https:\/\/www.cottage-milord.be\/index.php\/don\/\" \/>\n<meta property=\"og:locale\" content=\"fr_FR\" \/>\n<meta property=\"og:type\" content=\"article\" \/>\n<meta property=\"og:title\" content=\"Faire un don - Le cottage de Milord\" \/>\n<meta property=\"og:url\" content=\"https:\/\/www.cottage-milord.be\/index.php\/don\/\" \/>\n<meta property=\"og:site_name\" content=\"Le cottage de Milord\" \/>\n<meta property=\"article:publisher\" content=\"https:\/\/www.facebook.com\/cottagemilordasbl\/\" \/>\n<meta property=\"article:modified_time\" content=\"2021-01-21T09:54:57+00:00\" \/>\n<meta name=\"twitter:card\" content=\"summary_large_image\" \/>\n<meta name=\"twitter:label1\" content=\"Dur\u00e9e de lecture estim\u00e9e\" \/>\n\t<meta name=\"twitter:data1\" content=\"1 minute\" \/>\n<script type=\"application\/ld+json\" class=\"yoast-schema-graph\">{\"@context\":\"https:\/\/schema.org\",\"@graph\":[{\"@type\":\"WebPage\",\"@id\":\"https:\/\/www.cottage-milord.be\/index.php\/don\/\",\"url\":\"https:\/\/www.cottage-milord.be\/index.php\/don\/\",\"name\":\"Faire un don - Le cottage de Milord\",\"isPartOf\":{\"@id\":\"https:\/\/www.cottage-milord.be\/#website\"},\"datePublished\":\"2019-11-07T21:36:08+00:00\",\"dateModified\":\"2021-01-21T09:54:57+00:00\",\"breadcrumb\":{\"@id\":\"https:\/\/www.cottage-milord.be\/index.php\/don\/#breadcrumb\"},\"inLanguage\":\"fr-FR\",\"potentialAction\":[{\"@type\":\"ReadAction\",\"target\":[\"https:\/\/www.cottage-milord.be\/index.php\/don\/\"]}]},{\"@type\":\"BreadcrumbList\",\"@id\":\"https:\/\/www.cottage-milord.be\/index.php\/don\/#breadcrumb\",\"itemListElement\":[{\"@type\":\"ListItem\",\"position\":1,\"name\":\"Home\",\"item\":\"https:\/\/www.cottage-milord.be\/\"},{\"@type\":\"ListItem\",\"position\":2,\"name\":\"Faire un don\"}]},{\"@type\":\"WebSite\",\"@id\":\"https:\/\/www.cottage-milord.be\/#website\",\"url\":\"https:\/\/www.cottage-milord.be\/\",\"name\":\"Le cottage de Milord\",\"description\":\"Refuge et pension pour chiens &amp; chats - Florenville\",\"potentialAction\":[{\"@type\":\"SearchAction\",\"target\":{\"@type\":\"EntryPoint\",\"urlTemplate\":\"https:\/\/www.cottage-milord.be\/?s={search_term_string}\"},\"query-input\":\"required name=search_term_string\"}],\"inLanguage\":\"fr-FR\"}]}<\/script>\n<!-- \/ Yoast SEO plugin. -->","yoast_head_json":{"title":"Faire un don - Le cottage de Milord","robots":{"index":"index","follow":"follow","max-snippet":"max-snippet:-1","max-image-preview":"max-image-preview:large","max-video-preview":"max-video-preview:-1"},"canonical":"https:\/\/www.cottage-milord.be\/index.php\/don\/","og_locale":"fr_FR","og_type":"article","og_title":"Faire un don - Le cottage de Milord","og_url":"https:\/\/www.cottage-milord.be\/index.php\/don\/","og_site_name":"Le cottage de Milord","article_publisher":"https:\/\/www.facebook.com\/cottagemilordasbl\/","article_modified_time":"2021-01-21T09:54:57+00:00","twitter_card":"summary_large_image","twitter_misc":{"Dur\u00e9e de lecture estim\u00e9e":"1 minute"},"schema":{"@context":"https:\/\/schema.org","@graph":[{"@type":"WebPage","@id":"https:\/\/www.cottage-milord.be\/index.php\/don\/","url":"https:\/\/www.cottage-milord.be\/index.php\/don\/","name":"Faire un don - Le cottage de Milord","isPartOf":{"@id":"https:\/\/www.cottage-milord.be\/#website"},"datePublished":"2019-11-07T21:36:08+00:00","dateModified":"2021-01-21T09:54:57+00:00","breadcrumb":{"@id":"https:\/\/www.cottage-milord.be\/index.php\/don\/#breadcrumb"},"inLanguage":"fr-FR","potentialAction":[{"@type":"ReadAction","target":["https:\/\/www.cottage-milord.be\/index.php\/don\/"]}]},{"@type":"BreadcrumbList","@id":"https:\/\/www.cottage-milord.be\/index.php\/don\/#breadcrumb","itemListElement":[{"@type":"ListItem","position":1,"name":"Home","item":"https:\/\/www.cottage-milord.be\/"},{"@type":"ListItem","position":2,"name":"Faire un don"}]},{"@type":"WebSite","@id":"https:\/\/www.cottage-milord.be\/#website","url":"https:\/\/www.cottage-milord.be\/","name":"Le cottage de Milord","description":"Refuge et pension pour chiens &amp; chats - Florenville","potentialAction":[{"@type":"SearchAction","target":{"@type":"EntryPoint","urlTemplate":"https:\/\/www.cottage-milord.be\/?s={search_term_string}"},"query-input":"required name=search_term_string"}],"inLanguage":"fr-FR"}]}},"_links":{"self":[{"href":"https:\/\/www.cottage-milord.be\/index.php\/wp-json\/wp\/v2\/pages\/4503"}],"collection":[{"href":"https:\/\/www.cottage-milord.be\/index.php\/wp-json\/wp\/v2\/pages"}],"about":[{"href":"https:\/\/www.cottage-milord.be\/index.php\/wp-json\/wp\/v2\/types\/page"}],"author":[{"embeddable":true,"href":"https:\/\/www.cottage-milord.be\/index.php\/wp-json\/wp\/v2\/users\/1"}],"replies":[{"embeddable":true,"href":"https:\/\/www.cottage-milord.be\/index.php\/wp-json\/wp\/v2\/comments?post=4503"}],"version-history":[{"count":8,"href":"https:\/\/www.cottage-milord.be\/index.php\/wp-json\/wp\/v2\/pages\/4503\/revisions"}],"predecessor-version":[{"id":5245,"href":"https:\/\/www.cottage-milord.be\/index.php\/wp-json\/wp\/v2\/pages\/4503\/revisions\/5245"}],"wp:attachment":[{"href":"https:\/\/www.cottage-milord.be\/index.php\/wp-json\/wp\/v2\/media?parent=4503"}],"curies":[{"name":"wp","href":"https:\/\/api.w.org\/{rel}","templated":true}]}}