{"id":4498,"date":"2019-11-07T22:31:18","date_gmt":"2019-11-07T21:31:18","guid":{"rendered":"https:\/\/www.cottage-milord.be\/v1\/?page_id=4498"},"modified":"2020-09-22T10:42:47","modified_gmt":"2020-09-22T08:42:47","slug":"nous-aider","status":"publish","type":"page","link":"https:\/\/www.cottage-milord.be\/index.php\/nous-aider\/","title":{"rendered":"Nous aider"},"content":{"rendered":"<style type=\"text\/css\"> \n#cmsms_row_69f5fb7244c764_48447676 { \n\tbackground-color:#faf9f7; background-color:rgba(250, 249, 247, 1);\n} \n\n#cmsms_row_69f5fb7244c764_48447676 .cmsms_row_outer_parent { \n\tpadding-top: 40px; \n} \n\n#cmsms_row_69f5fb7244c764_48447676 .cmsms_row_outer_parent { \n\tpadding-bottom: 50px; \n} \n\n \n#cmsms_heading_69f5fb7244f339_27138742 { \n\ttext-align:left; \n\tmargin-top:0px; \n\tmargin-bottom:0px; \n} \n\n#cmsms_heading_69f5fb7244f339_27138742 .cmsms_heading { \n\ttext-align:left; \n} \n\n#cmsms_heading_69f5fb7244f339_27138742 .cmsms_heading, #cmsms_heading_69f5fb7244f339_27138742 .cmsms_heading a { \n\tfont-weight:bold; \n\tfont-style:normal; \n} \n\n#cmsms_heading_69f5fb7244f339_27138742 .cmsms_heading_divider { \n} \n\n \n#cmsms_heading_69f5fb7244f640_25249597 { \n\ttext-align:left; \n\tmargin-top:0px; \n\tmargin-bottom:0px; \n} \n\n#cmsms_heading_69f5fb7244f640_25249597 .cmsms_heading { \n\ttext-align:left; \n} \n\n#cmsms_heading_69f5fb7244f640_25249597 .cmsms_heading, #cmsms_heading_69f5fb7244f640_25249597 .cmsms_heading a { \n\tfont-weight:bold; \n\tfont-style:normal; \n\tcolor:#953c40; color:rgba(149, 60, 64, 1);\n} \n\n#cmsms_heading_69f5fb7244f640_25249597 .cmsms_heading_divider { \n} \n\n \n#cmsms_row_69f5fb72450797_82520543 .cmsms_row_outer_parent { \n\tpadding-top: 50px; \n} \n\n#cmsms_row_69f5fb72450797_82520543 .cmsms_row_outer_parent { \n\tpadding-bottom: 40px; \n} \n\n \n#cmsms_heading_69f5fb72451475_42278189 { \n\ttext-align:left; \n\tmargin-top:0px; \n\tmargin-bottom:20px; \n} \n\n#cmsms_heading_69f5fb72451475_42278189 .cmsms_heading { \n\ttext-align:left; \n} \n\n#cmsms_heading_69f5fb72451475_42278189 .cmsms_heading, #cmsms_heading_69f5fb72451475_42278189 .cmsms_heading a { \n\tfont-weight:bold; \n\tfont-style:normal; \n} \n\n#cmsms_heading_69f5fb72451475_42278189 .cmsms_heading_divider { \n} \n\n \n#cmsms_heading_69f5fb72451be0_84602080 { \n\ttext-align:left; \n\tmargin-top:0px; \n\tmargin-bottom:20px; \n} \n\n#cmsms_heading_69f5fb72451be0_84602080 .cmsms_heading { \n\ttext-align:left; \n} \n\n#cmsms_heading_69f5fb72451be0_84602080 .cmsms_heading, #cmsms_heading_69f5fb72451be0_84602080 .cmsms_heading a { \n\tfont-weight:bold; \n\tfont-style:normal; \n} \n\n#cmsms_heading_69f5fb72451be0_84602080 .cmsms_heading_divider { \n} \n\n \n#cmsms_row_69f5fb72451ee1_25172879 .cmsms_row_outer_parent { \n\tpadding-top: 0px; \n} \n\n#cmsms_row_69f5fb72451ee1_25172879 .cmsms_row_outer_parent { \n\tpadding-bottom: 40px; \n} \n\n#cmsms_row_69f5fb72451ee1_25172879 .cmsms_row_inner.cmsms_row_fullwidth { \n\tpadding-left:0%; \n} \n#cmsms_row_69f5fb72451ee1_25172879 .cmsms_row_inner.cmsms_row_fullwidth { \n\tpadding-right:0%; \n} \n \n#cmsms_divider_69f5fb72452a69_18845748 { \n\tborder-bottom-width:1px; \n\tborder-bottom-style:solid; \n\tpadding-top:0px; \n\tmargin-bottom:0px; \n} \n \n#cmsms_row_69f5fb72452c29_68250027 .cmsms_row_outer_parent { \n\tpadding-top: 0px; \n} \n\n#cmsms_row_69f5fb72452c29_68250027 .cmsms_row_outer_parent { \n\tpadding-bottom: 50px; \n} \n\n \n#cmsms_heading_69f5fb72453338_21570786 { \n\ttext-align:left; \n\tmargin-top:0px; \n\tmargin-bottom:20px; \n} \n\n#cmsms_heading_69f5fb72453338_21570786 .cmsms_heading { \n\ttext-align:left; \n} \n\n#cmsms_heading_69f5fb72453338_21570786 .cmsms_heading, #cmsms_heading_69f5fb72453338_21570786 .cmsms_heading a { \n\tfont-weight:bold; \n\tfont-style:normal; \n} \n\n#cmsms_heading_69f5fb72453338_21570786 .cmsms_heading_divider { \n} \n\n \n#cmsms_heading_69f5fb72453a68_40945294 { \n\ttext-align:left; \n\tmargin-top:0px; \n\tmargin-bottom:20px; \n} \n\n#cmsms_heading_69f5fb72453a68_40945294 .cmsms_heading { \n\ttext-align:left; \n} \n\n#cmsms_heading_69f5fb72453a68_40945294 .cmsms_heading, #cmsms_heading_69f5fb72453a68_40945294 .cmsms_heading a { \n\tfont-weight:bold; \n\tfont-style:normal; \n} \n\n#cmsms_heading_69f5fb72453a68_40945294 .cmsms_heading_divider { \n} \n\n \n#cmsms_row_69f5fb72453da7_70014680 .cmsms_row_outer_parent { \n\tpadding-top: 0px; \n} \n\n#cmsms_row_69f5fb72453da7_70014680 .cmsms_row_outer_parent { \n\tpadding-bottom: 0px; \n} \n\n#cmsms_row_69f5fb72453da7_70014680 .cmsms_row_inner.cmsms_row_fullwidth { \n\tpadding-left:0%; \n} \n#cmsms_row_69f5fb72453da7_70014680 .cmsms_row_inner.cmsms_row_fullwidth { \n\tpadding-right:0%; \n} \n \n#cmsms_divider_69f5fb724540f7_11584672 { \n\tborder-bottom-width:1px; \n\tborder-bottom-style:solid; \n\tpadding-top:0px; \n\tmargin-bottom:0px; \n} \n \n#cmsms_row_69f5fb72454213_67141925 .cmsms_row_outer_parent { \n\tpadding-top: 30px; \n} \n\n#cmsms_row_69f5fb72454213_67141925 .cmsms_row_outer_parent { \n\tpadding-bottom: 0px; \n} \n\n \n#cmsms_heading_69f5fb72454d39_62461819 { \n\ttext-align:center; \n\tmargin-top:0px; \n\tmargin-bottom:15px; \n} \n\n#cmsms_heading_69f5fb72454d39_62461819 .cmsms_heading { \n\ttext-align:center; \n} \n\n#cmsms_heading_69f5fb72454d39_62461819 .cmsms_heading, #cmsms_heading_69f5fb72454d39_62461819 .cmsms_heading a { \n\tfont-weight:bold; \n\tfont-style:normal; \n} \n\n#cmsms_heading_69f5fb72454d39_62461819 .cmsms_heading_divider { \n} \n\n\n#cmsms_button_69f5fb72454f95_89415868 { \n\ttext-align:center; \n} \n\n#cmsms_button_69f5fb72454f95_89415868 .cmsms_button:before { \n\tmargin-right:.5em; \n\tmargin-left:0; \n\tvertical-align:baseline; \n} \n\n#cmsms_button_69f5fb72454f95_89415868 .cmsms_button { \n\tfont-weight:normal; \n\tfont-style:normal; \n\tborder-style:solid; \n} \n#cmsms_button_69f5fb72454f95_89415868 .cmsms_button:hover { \n} \n \n#cmsms_divider_69f5fb724551a8_07421497 { \n\tborder-bottom-width:0px; \n\tborder-bottom-style:solid; \n\tpadding-top:10px; \n\tmargin-bottom:20px; \n} \n \n#cmsms_row_69f5fb724553a3_67619645 .cmsms_row_outer_parent { \n\tpadding-top: 30px; \n} \n\n#cmsms_row_69f5fb724553a3_67619645 .cmsms_row_outer_parent { \n\tpadding-bottom: 0px; \n} \n\n<\/style><div id=\"cmsms_row_69f5fb7244c764_48447676\" class=\"cmsms_row cmsms_color_scheme_default\">\n<div class=\"cmsms_row_outer_parent\">\n<div class=\"cmsms_row_outer\">\n<div class=\"cmsms_row_inner\">\n<div class=\"cmsms_row_margin\">\n<div class=\"cmsms_column one_first\">\n\n<div id=\"cmsms_heading_69f5fb7244f339_27138742\" class=\"cmsms_heading_wrap cmsms_heading_align_left\">\n\t<h2 class=\"cmsms_heading\">Nous aider<\/h2>\n<\/div>\n<div id=\"cmsms_heading_69f5fb7244f640_25249597\" class=\"cmsms_heading_wrap cmsms_heading_align_left\">\n\t<h5 class=\"cmsms_heading\">Il existe plusieurs moyens de nous aider<\/h5>\n<\/div>\n<\/div>\n<\/div>\n<\/div>\n<\/div>\n<\/div>\n<\/div>\n<div id=\"cmsms_row_69f5fb72450797_82520543\" class=\"cmsms_row cmsms_color_scheme_default\">\n<div class=\"cmsms_row_outer_parent\">\n<div class=\"cmsms_row_outer\">\n<div class=\"cmsms_row_inner\">\n<div class=\"cmsms_row_margin\">\n<div class=\"cmsms_column one_half\">\n\n<div id=\"cmsms_heading_69f5fb72451475_42278189\" class=\"cmsms_heading_wrap cmsms_heading_align_left\">\n\t<h3 class=\"cmsms_heading\">Devenir membre<\/h3>\n<\/div><div class=\"cmsms_text\">\n<p><span style=\"color: #000000; font-size: 14px;\">Devenir membre de l&rsquo;ASBL permet d&rsquo;assister \u00e0 l&rsquo;assembl\u00e9e g\u00e9n\u00e9rale annuelle.<\/span><\/p>\n<p><span style=\"color: #000000; font-size: 14px;\">La cotisation est de 50\u20ac; consid\u00e9r\u00e9e comme un don, elle donne droit \u00e0 un abattement fiscal mais \u00e9galement \u00e0 20% de r\u00e9duction sur la pension.<\/span><\/p>\n<\/div>\n<\/div>\n<div class=\"cmsms_column one_half\" data-animation=\"slideInRight\">\n\n<div id=\"cmsms_heading_69f5fb72451be0_84602080\" class=\"cmsms_heading_wrap cmsms_heading_align_left\">\n\t<h3 class=\"cmsms_heading\">Sponsoring<\/h3>\n<\/div><div class=\"cmsms_text\">\n<p><span style=\"color: #000000; font-size: 14px;\">En tant que soci\u00e9t\u00e9, vous pouvez nous soutenir sous forme d&rsquo;aides alimentaires, financi\u00e8res, de services.<\/span><\/p>\n<p><span style=\"color: #000000; font-size: 14px;\">N&rsquo;h\u00e9sitez pas \u00e0 <a href=\"https:\/\/www.cottage-milord.be\/index.php\/contact\/\">nous contacter<\/a> si cela vous int\u00e9resse.<\/span><\/p>\n<\/div>\n<\/div>\n<\/div>\n<\/div>\n<\/div>\n<\/div>\n<\/div>\n<div id=\"cmsms_row_69f5fb72451ee1_25172879\" class=\"cmsms_row cmsms_color_scheme_default\">\n<div class=\"cmsms_row_outer_parent\">\n<div class=\"cmsms_row_outer\">\n<div class=\"cmsms_row_inner cmsms_row_fullwidth\">\n<div class=\"cmsms_row_margin\">\n<div class=\"cmsms_column one_first\">\n\n<div id=\"cmsms_divider_69f5fb72452a69_18845748\" class=\"cmsms_divider cmsms_divider_width_long cmsms_divider_pos_center\"><\/div>\n<\/div>\n<\/div>\n<\/div>\n<\/div>\n<\/div>\n<\/div>\n<div id=\"cmsms_row_69f5fb72452c29_68250027\" class=\"cmsms_row cmsms_color_scheme_default\">\n<div class=\"cmsms_row_outer_parent\">\n<div class=\"cmsms_row_outer\">\n<div class=\"cmsms_row_inner\">\n<div class=\"cmsms_row_margin\">\n<div class=\"cmsms_column one_half\">\n\n<div id=\"cmsms_heading_69f5fb72453338_21570786\" class=\"cmsms_heading_wrap cmsms_heading_align_left\">\n\t<h3 class=\"cmsms_heading\">Legs<\/h3>\n<\/div><div class=\"cmsms_text\">\n<p><span style=\"color: #000000; font-size: 14px;\">Si vous souhaitez soutenir notre association sur le long terme, vous pouvez r\u00e9diger un testament au nom du cottage de Milord. Les taux sont r\u00e9duits entre 7 et 12,5%. Vous pouvez l\u00e9guer tout (leg universel) ou une partie (leg particulier) de vos biens. <\/span><\/p>\n<p><span style=\"color: #000000; font-size: 14px;\">Ces fonds permettront : <\/span><\/p>\n<ul>\n<li><span style=\"color: #000000; font-size: 14px;\">de financer nos activit\u00e9s quotidiennes (soins v\u00e9t\u00e9rinaires, alimentation, entretien, &#8230;);<\/span><\/li>\n<li><span style=\"color: #000000; font-size: 14px;\">des achats ponctuels (v\u00e9hicule, tondeuse, &#8230;)<\/span><\/li>\n<li><span style=\"color: #000000; font-size: 14px;\">de constituer une r\u00e9serve pour des projets \u00e0 long terme ou l&rsquo;engagement de salari\u00e9s<\/span><\/li>\n<\/ul>\n<p><span style=\"color: #000000; font-size: 14px;\">Pour plus d&rsquo;informations, votre notaire est la personne la mieux plac\u00e9e pour vous conseiller.<\/span><\/p>\n<\/div>\n<\/div>\n<div class=\"cmsms_column one_half\">\n\n<div id=\"cmsms_heading_69f5fb72453a68_40945294\" class=\"cmsms_heading_wrap cmsms_heading_align_left\">\n\t<h3 class=\"cmsms_heading\">Parrainage<\/h3>\n<\/div><div class=\"cmsms_text\">\n<p><span style=\"color: #000000; font-size: 14px;\">Ce type d&rsquo;aide vous permet de recevoir des informations sur l&rsquo;animal que vous avez d\u00e9cid\u00e9 de parrainer via notre site ou en lui consacrant un peu de votre temps in situ.<\/span><\/p>\n<p><span style=\"color: #000000; font-size: 14px;\">Il est de 150\u20ac par an (soit 12,5\u20ac par mois).<\/span><\/p>\n<\/div>\n<\/div>\n<\/div>\n<\/div>\n<\/div>\n<\/div>\n<\/div>\n<div id=\"cmsms_row_69f5fb72453da7_70014680\" class=\"cmsms_row cmsms_color_scheme_default\">\n<div class=\"cmsms_row_outer_parent\">\n<div class=\"cmsms_row_outer\">\n<div class=\"cmsms_row_inner cmsms_row_fullwidth\">\n<div class=\"cmsms_row_margin\">\n<div class=\"cmsms_column one_first\">\n\n<div id=\"cmsms_divider_69f5fb724540f7_11584672\" class=\"cmsms_divider cmsms_divider_width_long cmsms_divider_pos_center\"><\/div>\n<\/div>\n<\/div>\n<\/div>\n<\/div>\n<\/div>\n<\/div>\n<div id=\"cmsms_row_69f5fb72454213_67141925\" class=\"cmsms_row cmsms_color_scheme_default\">\n<div class=\"cmsms_row_outer_parent\">\n<div class=\"cmsms_row_outer\">\n<div class=\"cmsms_row_inner\">\n<div class=\"cmsms_row_margin\">\n<div class=\"cmsms_column one_first\">\n\n<div id=\"cmsms_heading_69f5fb72454d39_62461819\" class=\"cmsms_heading_wrap cmsms_heading_align_center\">\n\t<h3 class=\"cmsms_heading\">Vous pouvez \u00e9galement nous aider en devenant b\u00e9n\u00e9vole<\/h3>\n<\/div>\n<div id=\"cmsms_button_69f5fb72454f95_89415868\" class=\"button_wrap\"><a href=\"https:\/\/www.cottage-milord.be\/index.php\/devenir-benevole\/\" class=\"cmsms_button\"><span>En savoir plus<\/span><\/a><\/div>\n\n<div id=\"cmsms_divider_69f5fb724551a8_07421497\" class=\"cl\"><\/div>\n<\/div>\n<\/div>\n<\/div>\n<\/div>\n<\/div>\n<\/div>\n<div id=\"cmsms_row_69f5fb724553a3_67619645\" class=\"cmsms_row cmsms_color_scheme_second\">\n<div class=\"cmsms_row_outer_parent\">\n<div class=\"cmsms_row_outer\">\n<div class=\"cmsms_row_inner\">\n<div class=\"cmsms_row_margin\">\n<div class=\"cmsms_column one_first\">\n<div class=\"cmsms_sidebar sidebar_layout_14141414\"><aside id=\"custom_html-3\" class=\"widget_text widget widget_custom_html\"><div class=\"textwidget custom-html-widget\"><div style=\"padding-left:60px;\">\r\n<h5 style=\"margin-top: 15px;\">\r\nLe cottage de Milord\r\n<\/h5>\r\n<p style=\"color:white;font-weight:bold;font-size:14px;\">\r\n\tRue des M\u00e9l\u00e8zes, 7<br \/>\r\n\t6820 Florenville (Belgique)<br \/>\r\n\t+32 475 24 89 59<br \/>\r\n  +32 61 37 46 05\r\n<\/p>\r\n<\/div><\/div><\/aside><aside id=\"media_image-2\" class=\"widget widget_media_image\"><a href=\"https:\/\/www.paypal.com\/cgi-bin\/webscr?cmd=_s-xclick&#038;hosted_button_id=43VGFK93Y4NLQ&#038;source=url\"><img width=\"300\" height=\"150\" src=\"https:\/\/www.cottage-milord.be\/wp-content\/uploads\/2019\/11\/faire-un-don-paypal-300x150.png\" class=\"image wp-image-4447  attachment-medium size-medium\" alt=\"\" loading=\"lazy\" style=\"max-width: 100%; height: auto;\" srcset=\"https:\/\/www.cottage-milord.be\/wp-content\/uploads\/2019\/11\/faire-un-don-paypal-300x150.png 300w, https:\/\/www.cottage-milord.be\/wp-content\/uploads\/2019\/11\/faire-un-don-paypal.png 400w\" sizes=\"(max-width: 300px) 100vw, 300px\" \/><\/a><\/aside><aside id=\"custom_html-2\" class=\"widget_text widget widget_custom_html\"><div class=\"textwidget custom-html-widget\"><script>(function() {\n\twindow.mc4wp = window.mc4wp || {\n\t\tlisteners: [],\n\t\tforms: {\n\t\t\ton: function(evt, cb) {\n\t\t\t\twindow.mc4wp.listeners.push(\n\t\t\t\t\t{\n\t\t\t\t\t\tevent   : evt,\n\t\t\t\t\t\tcallback: cb\n\t\t\t\t\t}\n\t\t\t\t);\n\t\t\t}\n\t\t}\n\t}\n})();\n<\/script><!-- Mailchimp for WordPress v4.8.7 - https:\/\/wordpress.org\/plugins\/mailchimp-for-wp\/ --><form id=\"mc4wp-form-1\" class=\"mc4wp-form mc4wp-form-4476 mc4wp-form-basic\" method=\"post\" data-id=\"4476\" data-name=\"Site web - Abonnement newsletter\" ><div class=\"mc4wp-form-fields\"><h5>\r\n  Abonnement newsletter\r\n<\/h5>\r\n<p>\r\n\t<label>\r\n\t\t<input  type=\"email\" name=\"EMAIL\" placeholder=\"Inscrivez ici votre e-mail\" required \/>\r\n<\/label><input type=\"submit\" value=\"Je m'abonne\" \/>\r\n<\/p><\/div><label style=\"display: none !important;\">Laissez ce champ vide si vous \u00eates humain\u00a0: <input type=\"text\" name=\"_mc4wp_honeypot\" value=\"\" tabindex=\"-1\" autocomplete=\"off\" \/><\/label><input type=\"hidden\" name=\"_mc4wp_timestamp\" value=\"1777728370\" \/><input type=\"hidden\" name=\"_mc4wp_form_id\" value=\"4476\" \/><input type=\"hidden\" name=\"_mc4wp_form_element_id\" value=\"mc4wp-form-1\" \/><div class=\"mc4wp-response\"><\/div><\/form><!-- \/ Mailchimp for WordPress Plugin --><\/div><\/aside><aside id=\"block-2\" class=\"widget widget_block\"><h5 style=\"margin-top: 15px;\">\r\nHeures d'ouverture\r\n<\/h5>\r\n<p style=\"color:white;font-weight:bold;font-size:14px;\">\r\n\tTous les jours (WE inclus)<br>\r\n01-04 au 30-09 : de 9 \u00e0 13h<br>\r\n01-10 au 31-03 : de 10 \u00e0 13h<br>\r\nApr\u00e8s-midi sur RV<br>\r\n<\/p><\/aside><div class=\"cl\"><\/div>\n<\/div>\n<\/div>\n<\/div>\n<\/div>\n<\/div>\n<\/div>\n<\/div>\n\n","protected":false},"excerpt":{"rendered":"","protected":false},"author":1,"featured_media":0,"parent":0,"menu_order":0,"comment_status":"closed","ping_status":"closed","template":"","meta":{"_mi_skip_tracking":false},"yoast_head":"<!-- This site is optimized with the Yoast SEO plugin v19.5.1 - https:\/\/yoast.com\/wordpress\/plugins\/seo\/ -->\n<title>Le cottage de Milord ASBL - Nous aider<\/title>\n<meta name=\"description\" content=\"Il existe plusieurs moyens d&#039;aider Le cottage de Milord ASBL : sponsoring, parrainage, legs, membre, ...\" \/>\n<meta name=\"robots\" content=\"index, follow, max-snippet:-1, max-image-preview:large, max-video-preview:-1\" \/>\n<link rel=\"canonical\" href=\"https:\/\/www.cottage-milord.be\/index.php\/nous-aider\/\" \/>\n<meta property=\"og:locale\" content=\"fr_FR\" \/>\n<meta property=\"og:type\" content=\"article\" \/>\n<meta property=\"og:title\" content=\"Le cottage de Milord ASBL - Nous aider\" \/>\n<meta property=\"og:description\" content=\"Il existe plusieurs moyens d&#039;aider Le cottage de Milord ASBL : sponsoring, parrainage, legs, membre, ...\" \/>\n<meta property=\"og:url\" content=\"https:\/\/www.cottage-milord.be\/index.php\/nous-aider\/\" \/>\n<meta property=\"og:site_name\" content=\"Le cottage de Milord\" \/>\n<meta property=\"article:publisher\" content=\"https:\/\/www.facebook.com\/cottagemilordasbl\/\" \/>\n<meta property=\"article:modified_time\" content=\"2020-09-22T08:42:47+00:00\" \/>\n<meta property=\"og:image\" content=\"https:\/\/www.cottage-milord.be\/wp-content\/uploads\/2019\/11\/Capture-d\u2019e\u0301cran-2019-11-09-a\u0300-17.15.21.png\" \/>\n\t<meta property=\"og:image:width\" content=\"1242\" \/>\n\t<meta property=\"og:image:height\" content=\"708\" \/>\n\t<meta property=\"og:image:type\" content=\"image\/png\" \/>\n<meta name=\"twitter:card\" content=\"summary_large_image\" \/>\n<meta name=\"twitter:label1\" content=\"Dur\u00e9e de lecture estim\u00e9e\" \/>\n\t<meta name=\"twitter:data1\" content=\"3 minutes\" \/>\n<script type=\"application\/ld+json\" class=\"yoast-schema-graph\">{\"@context\":\"https:\/\/schema.org\",\"@graph\":[{\"@type\":\"WebPage\",\"@id\":\"https:\/\/www.cottage-milord.be\/index.php\/nous-aider\/\",\"url\":\"https:\/\/www.cottage-milord.be\/index.php\/nous-aider\/\",\"name\":\"Le cottage de Milord ASBL - Nous aider\",\"isPartOf\":{\"@id\":\"https:\/\/www.cottage-milord.be\/#website\"},\"datePublished\":\"2019-11-07T21:31:18+00:00\",\"dateModified\":\"2020-09-22T08:42:47+00:00\",\"description\":\"Il existe plusieurs moyens d'aider Le cottage de Milord ASBL : sponsoring, parrainage, legs, membre, ...\",\"breadcrumb\":{\"@id\":\"https:\/\/www.cottage-milord.be\/index.php\/nous-aider\/#breadcrumb\"},\"inLanguage\":\"fr-FR\",\"potentialAction\":[{\"@type\":\"ReadAction\",\"target\":[\"https:\/\/www.cottage-milord.be\/index.php\/nous-aider\/\"]}]},{\"@type\":\"BreadcrumbList\",\"@id\":\"https:\/\/www.cottage-milord.be\/index.php\/nous-aider\/#breadcrumb\",\"itemListElement\":[{\"@type\":\"ListItem\",\"position\":1,\"name\":\"Home\",\"item\":\"https:\/\/www.cottage-milord.be\/\"},{\"@type\":\"ListItem\",\"position\":2,\"name\":\"Nous aider\"}]},{\"@type\":\"WebSite\",\"@id\":\"https:\/\/www.cottage-milord.be\/#website\",\"url\":\"https:\/\/www.cottage-milord.be\/\",\"name\":\"Le cottage de Milord\",\"description\":\"Refuge et pension pour chiens &amp; chats - Florenville\",\"potentialAction\":[{\"@type\":\"SearchAction\",\"target\":{\"@type\":\"EntryPoint\",\"urlTemplate\":\"https:\/\/www.cottage-milord.be\/?s={search_term_string}\"},\"query-input\":\"required name=search_term_string\"}],\"inLanguage\":\"fr-FR\"}]}<\/script>\n<!-- \/ Yoast SEO plugin. -->","yoast_head_json":{"title":"Le cottage de Milord ASBL - Nous aider","description":"Il existe plusieurs moyens d'aider Le cottage de Milord ASBL : sponsoring, parrainage, legs, membre, ...","robots":{"index":"index","follow":"follow","max-snippet":"max-snippet:-1","max-image-preview":"max-image-preview:large","max-video-preview":"max-video-preview:-1"},"canonical":"https:\/\/www.cottage-milord.be\/index.php\/nous-aider\/","og_locale":"fr_FR","og_type":"article","og_title":"Le cottage de Milord ASBL - Nous aider","og_description":"Il existe plusieurs moyens d'aider Le cottage de Milord ASBL : sponsoring, parrainage, legs, membre, ...","og_url":"https:\/\/www.cottage-milord.be\/index.php\/nous-aider\/","og_site_name":"Le cottage de Milord","article_publisher":"https:\/\/www.facebook.com\/cottagemilordasbl\/","article_modified_time":"2020-09-22T08:42:47+00:00","og_image":[{"width":1242,"height":708,"url":"https:\/\/www.cottage-milord.be\/wp-content\/uploads\/2019\/11\/Capture-d\u2019e\u0301cran-2019-11-09-a\u0300-17.15.21.png","type":"image\/png"}],"twitter_card":"summary_large_image","twitter_misc":{"Dur\u00e9e de lecture estim\u00e9e":"3 minutes"},"schema":{"@context":"https:\/\/schema.org","@graph":[{"@type":"WebPage","@id":"https:\/\/www.cottage-milord.be\/index.php\/nous-aider\/","url":"https:\/\/www.cottage-milord.be\/index.php\/nous-aider\/","name":"Le cottage de Milord ASBL - Nous aider","isPartOf":{"@id":"https:\/\/www.cottage-milord.be\/#website"},"datePublished":"2019-11-07T21:31:18+00:00","dateModified":"2020-09-22T08:42:47+00:00","description":"Il existe plusieurs moyens d'aider Le cottage de Milord ASBL : sponsoring, parrainage, legs, membre, ...","breadcrumb":{"@id":"https:\/\/www.cottage-milord.be\/index.php\/nous-aider\/#breadcrumb"},"inLanguage":"fr-FR","potentialAction":[{"@type":"ReadAction","target":["https:\/\/www.cottage-milord.be\/index.php\/nous-aider\/"]}]},{"@type":"BreadcrumbList","@id":"https:\/\/www.cottage-milord.be\/index.php\/nous-aider\/#breadcrumb","itemListElement":[{"@type":"ListItem","position":1,"name":"Home","item":"https:\/\/www.cottage-milord.be\/"},{"@type":"ListItem","position":2,"name":"Nous aider"}]},{"@type":"WebSite","@id":"https:\/\/www.cottage-milord.be\/#website","url":"https:\/\/www.cottage-milord.be\/","name":"Le cottage de Milord","description":"Refuge et pension pour chiens &amp; chats - Florenville","potentialAction":[{"@type":"SearchAction","target":{"@type":"EntryPoint","urlTemplate":"https:\/\/www.cottage-milord.be\/?s={search_term_string}"},"query-input":"required name=search_term_string"}],"inLanguage":"fr-FR"}]}},"_links":{"self":[{"href":"https:\/\/www.cottage-milord.be\/index.php\/wp-json\/wp\/v2\/pages\/4498"}],"collection":[{"href":"https:\/\/www.cottage-milord.be\/index.php\/wp-json\/wp\/v2\/pages"}],"about":[{"href":"https:\/\/www.cottage-milord.be\/index.php\/wp-json\/wp\/v2\/types\/page"}],"author":[{"embeddable":true,"href":"https:\/\/www.cottage-milord.be\/index.php\/wp-json\/wp\/v2\/users\/1"}],"replies":[{"embeddable":true,"href":"https:\/\/www.cottage-milord.be\/index.php\/wp-json\/wp\/v2\/comments?post=4498"}],"version-history":[{"count":8,"href":"https:\/\/www.cottage-milord.be\/index.php\/wp-json\/wp\/v2\/pages\/4498\/revisions"}],"predecessor-version":[{"id":5153,"href":"https:\/\/www.cottage-milord.be\/index.php\/wp-json\/wp\/v2\/pages\/4498\/revisions\/5153"}],"wp:attachment":[{"href":"https:\/\/www.cottage-milord.be\/index.php\/wp-json\/wp\/v2\/media?parent=4498"}],"curies":[{"name":"wp","href":"https:\/\/api.w.org\/{rel}","templated":true}]}}