{"id":2182,"date":"2015-01-16T09:33:11","date_gmt":"2015-01-16T09:33:11","guid":{"rendered":"http:\/\/pet-rescue.cmsmasters.net\/?page_id=2182"},"modified":"2022-08-12T12:38:14","modified_gmt":"2022-08-12T10:38:14","slug":"pension-tarifs","status":"publish","type":"page","link":"https:\/\/www.cottage-milord.be\/index.php\/pension-tarifs\/","title":{"rendered":"Pension &#038; tarifs"},"content":{"rendered":"<style type=\"text\/css\"> \n#cmsms_row_69f9ac0f391127_84767366 { \n\tbackground-color:#faf9f7; background-color:rgba(250, 249, 247, 1);\n} \n\n#cmsms_row_69f9ac0f391127_84767366 .cmsms_row_outer_parent { \n\tpadding-top: 40px; \n} \n\n#cmsms_row_69f9ac0f391127_84767366 .cmsms_row_outer_parent { \n\tpadding-bottom: 50px; \n} \n\n \n#cmsms_heading_69f9ac0f3931e1_53443428 { \n\ttext-align:left; \n\tmargin-top:0px; \n\tmargin-bottom:0px; \n} \n\n#cmsms_heading_69f9ac0f3931e1_53443428 .cmsms_heading { \n\ttext-align:left; \n} \n\n#cmsms_heading_69f9ac0f3931e1_53443428 .cmsms_heading, #cmsms_heading_69f9ac0f3931e1_53443428 .cmsms_heading a { \n\tfont-weight:bold; \n\tfont-style:normal; \n} \n\n#cmsms_heading_69f9ac0f3931e1_53443428 .cmsms_heading_divider { \n} \n\n \n#cmsms_row_69f9ac0f3948a7_77644161 .cmsms_row_outer_parent { \n\tpadding-top: 0px; \n} \n\n#cmsms_row_69f9ac0f3948a7_77644161 .cmsms_row_outer_parent { \n\tpadding-bottom: 0px; \n} \n\n#cmsms_row_69f9ac0f3948a7_77644161 .cmsms_row_inner.cmsms_row_fullwidth { \n\tpadding-left:0%; \n} \n#cmsms_row_69f9ac0f3948a7_77644161 .cmsms_row_inner.cmsms_row_fullwidth { \n\tpadding-right:0%; \n} \n \n#cmsms_divider_69f9ac0f395552_16342843 { \n\tborder-bottom-width:1px; \n\tborder-bottom-style:solid; \n\tpadding-top:0px; \n\tmargin-bottom:0px; \n} \n \n#cmsms_row_69f9ac0f3957f1_38506837 .cmsms_row_outer_parent { \n\tpadding-top: 50px; \n} \n\n#cmsms_row_69f9ac0f3957f1_38506837 .cmsms_row_outer_parent { \n\tpadding-bottom: 0px; \n} \n\n \n#cmsms_row_69f9ac0f396df4_52806814 .cmsms_row_outer_parent { \n\tpadding-top: 30px; \n} \n\n#cmsms_row_69f9ac0f396df4_52806814 .cmsms_row_outer_parent { \n\tpadding-bottom: 0px; \n} \n\n<\/style><div id=\"cmsms_row_69f9ac0f391127_84767366\" class=\"cmsms_row cmsms_color_scheme_default\">\n<div class=\"cmsms_row_outer_parent\">\n<div class=\"cmsms_row_outer\">\n<div class=\"cmsms_row_inner\">\n<div class=\"cmsms_row_margin\">\n<div class=\"cmsms_column one_first\">\n\n<div id=\"cmsms_heading_69f9ac0f3931e1_53443428\" class=\"cmsms_heading_wrap cmsms_heading_align_left\">\n\t<h2 class=\"cmsms_heading\">Pension &amp; tarifs<\/h2>\n<\/div>\n<\/div>\n<\/div>\n<\/div>\n<\/div>\n<\/div>\n<\/div>\n<div id=\"cmsms_row_69f9ac0f3948a7_77644161\" class=\"cmsms_row cmsms_color_scheme_default\">\n<div class=\"cmsms_row_outer_parent\">\n<div class=\"cmsms_row_outer\">\n<div class=\"cmsms_row_inner cmsms_row_fullwidth\">\n<div class=\"cmsms_row_margin\">\n<div class=\"cmsms_column one_first\">\n\n<div id=\"cmsms_divider_69f9ac0f395552_16342843\" class=\"cmsms_divider cmsms_divider_width_long cmsms_divider_pos_center\"><\/div>\n<\/div>\n<\/div>\n<\/div>\n<\/div>\n<\/div>\n<\/div>\n<div id=\"cmsms_row_69f9ac0f3957f1_38506837\" class=\"cmsms_row cmsms_color_scheme_default\">\n<div class=\"cmsms_row_outer_parent\">\n<div class=\"cmsms_row_outer\">\n<div class=\"cmsms_row_inner\">\n<div class=\"cmsms_row_margin\">\n<div class=\"cmsms_column one_first\">\n<div class=\"cmsms_text\">\n<p style=\"font-size: 16px;\">Nous accueillons vos chiens toute l&rsquo;ann\u00e9e lors de votre absence.<\/p>\n<p style=\"font-size: 16px;\">La nourriture sera fournie par le propri\u00e9taire.<\/p>\n<p style=\"font-size: 16px;\">\n<\/div>\n<div class=\"cmsms_text\">\n<p style=\"font-size: 24px; text-align: left; text-decoration: underline;\"><strong><span class=\"cmsms_price\">Tarifs 2023<\/span><\/strong><\/p>\n<p style=\"font-size: 24px; text-align: left;\"><strong><span class=\"cmsms_price\">Box 15m<sup>2<\/sup> : 15\u20ac\/jour<\/span><\/strong><\/p>\n<p style=\"font-size: 24px; text-align: left;\"><strong><span class=\"cmsms_coins\">Parc 25m<sup>2<\/sup> : 25\u20ac\/jour<\/span><\/strong><\/p>\n<p style=\"font-size: 24px; text-align: left;\"><strong><span class=\"cmsms_coins\">Promenades : 5\u20ac<\/span><\/strong><\/p>\n<\/div>\n<div class=\"cmsms_text\">\n<p>&nbsp;<\/p>\n<\/div>\n<\/div>\n<\/div>\n<\/div>\n<\/div>\n<\/div>\n<\/div>\n<div id=\"cmsms_row_69f9ac0f396df4_52806814\" class=\"cmsms_row cmsms_color_scheme_second\">\n<div class=\"cmsms_row_outer_parent\">\n<div class=\"cmsms_row_outer\">\n<div class=\"cmsms_row_inner\">\n<div class=\"cmsms_row_margin\">\n<div class=\"cmsms_column one_first\">\n<div class=\"cmsms_sidebar sidebar_layout_14141414\"><aside id=\"custom_html-3\" class=\"widget_text widget widget_custom_html\"><div class=\"textwidget custom-html-widget\"><div style=\"padding-left:60px;\">\r\n<h5 style=\"margin-top: 15px;\">\r\nLe cottage de Milord\r\n<\/h5>\r\n<p style=\"color:white;font-weight:bold;font-size:14px;\">\r\n\tRue des M\u00e9l\u00e8zes, 7<br \/>\r\n\t6820 Florenville (Belgique)<br \/>\r\n\t+32 475 24 89 59<br \/>\r\n  +32 61 37 46 05\r\n<\/p>\r\n<\/div><\/div><\/aside><aside id=\"media_image-2\" class=\"widget widget_media_image\"><a href=\"https:\/\/www.paypal.com\/cgi-bin\/webscr?cmd=_s-xclick&#038;hosted_button_id=43VGFK93Y4NLQ&#038;source=url\"><img width=\"300\" height=\"150\" src=\"https:\/\/www.cottage-milord.be\/wp-content\/uploads\/2019\/11\/faire-un-don-paypal-300x150.png\" class=\"image wp-image-4447  attachment-medium size-medium\" alt=\"\" loading=\"lazy\" style=\"max-width: 100%; height: auto;\" srcset=\"https:\/\/www.cottage-milord.be\/wp-content\/uploads\/2019\/11\/faire-un-don-paypal-300x150.png 300w, https:\/\/www.cottage-milord.be\/wp-content\/uploads\/2019\/11\/faire-un-don-paypal.png 400w\" sizes=\"(max-width: 300px) 100vw, 300px\" \/><\/a><\/aside><aside id=\"custom_html-2\" class=\"widget_text widget widget_custom_html\"><div class=\"textwidget custom-html-widget\"><script>(function() {\n\twindow.mc4wp = window.mc4wp || {\n\t\tlisteners: [],\n\t\tforms: {\n\t\t\ton: function(evt, cb) {\n\t\t\t\twindow.mc4wp.listeners.push(\n\t\t\t\t\t{\n\t\t\t\t\t\tevent   : evt,\n\t\t\t\t\t\tcallback: cb\n\t\t\t\t\t}\n\t\t\t\t);\n\t\t\t}\n\t\t}\n\t}\n})();\n<\/script><!-- Mailchimp for WordPress v4.8.7 - https:\/\/wordpress.org\/plugins\/mailchimp-for-wp\/ --><form id=\"mc4wp-form-1\" class=\"mc4wp-form mc4wp-form-4476 mc4wp-form-basic\" method=\"post\" data-id=\"4476\" data-name=\"Site web - Abonnement newsletter\" ><div class=\"mc4wp-form-fields\"><h5>\r\n  Abonnement newsletter\r\n<\/h5>\r\n<p>\r\n\t<label>\r\n\t\t<input  type=\"email\" name=\"EMAIL\" placeholder=\"Inscrivez ici votre e-mail\" required \/>\r\n<\/label><input type=\"submit\" value=\"Je m'abonne\" \/>\r\n<\/p><\/div><label style=\"display: none !important;\">Laissez ce champ vide si vous \u00eates humain\u00a0: <input type=\"text\" name=\"_mc4wp_honeypot\" value=\"\" tabindex=\"-1\" autocomplete=\"off\" \/><\/label><input type=\"hidden\" name=\"_mc4wp_timestamp\" value=\"1777970191\" \/><input type=\"hidden\" name=\"_mc4wp_form_id\" value=\"4476\" \/><input type=\"hidden\" name=\"_mc4wp_form_element_id\" value=\"mc4wp-form-1\" \/><div class=\"mc4wp-response\"><\/div><\/form><!-- \/ Mailchimp for WordPress Plugin --><\/div><\/aside><aside id=\"block-2\" class=\"widget widget_block\"><h5 style=\"margin-top: 15px;\">\r\nHeures d'ouverture\r\n<\/h5>\r\n<p style=\"color:white;font-weight:bold;font-size:14px;\">\r\n\tTous les jours (WE inclus)<br>\r\n01-04 au 30-09 : de 9 \u00e0 13h<br>\r\n01-10 au 31-03 : de 10 \u00e0 13h<br>\r\nApr\u00e8s-midi sur RV<br>\r\n<\/p><\/aside><div class=\"cl\"><\/div>\n<\/div>\n<\/div>\n<\/div>\n<\/div>\n<\/div>\n<\/div>\n<\/div>\n\n","protected":false},"excerpt":{"rendered":"","protected":false},"author":2,"featured_media":0,"parent":0,"menu_order":0,"comment_status":"closed","ping_status":"closed","template":"","meta":{"_mi_skip_tracking":false},"yoast_head":"<!-- This site is optimized with the Yoast SEO plugin v19.5.1 - https:\/\/yoast.com\/wordpress\/plugins\/seo\/ -->\n<title>Le cottage de Milord ASBL - Pension pour chiens et tarifs<\/title>\n<meta name=\"description\" content=\"Le cottage de Milord ASBL, \u00e0 Florenville, accueille vos chiens toute l\u2019ann\u00e9e lors de votre absence. D\u00e9couvrez nos modalit\u00e9s et tarifs.\" \/>\n<meta name=\"robots\" content=\"index, follow, max-snippet:-1, max-image-preview:large, max-video-preview:-1\" \/>\n<link rel=\"canonical\" href=\"https:\/\/www.cottage-milord.be\/index.php\/pension-tarifs\/\" \/>\n<meta property=\"og:locale\" content=\"fr_FR\" \/>\n<meta property=\"og:type\" content=\"article\" \/>\n<meta property=\"og:title\" content=\"Le cottage de Milord ASBL - Pension pour chiens et tarifs\" \/>\n<meta property=\"og:description\" content=\"Le cottage de Milord ASBL, \u00e0 Florenville, accueille vos chiens toute l\u2019ann\u00e9e lors de votre absence. D\u00e9couvrez nos modalit\u00e9s et tarifs.\" \/>\n<meta property=\"og:url\" content=\"https:\/\/www.cottage-milord.be\/index.php\/pension-tarifs\/\" \/>\n<meta property=\"og:site_name\" content=\"Le cottage de Milord\" \/>\n<meta property=\"article:publisher\" content=\"https:\/\/www.facebook.com\/cottagemilordasbl\/\" \/>\n<meta property=\"article:modified_time\" content=\"2022-08-12T10:38:14+00:00\" \/>\n<meta property=\"og:image\" content=\"https:\/\/www.cottage-milord.be\/wp-content\/uploads\/2019\/11\/Capture-d\u2019e\u0301cran-2019-11-09-a\u0300-17.17.01.png\" \/>\n\t<meta property=\"og:image:width\" content=\"1241\" \/>\n\t<meta property=\"og:image:height\" content=\"754\" \/>\n\t<meta property=\"og:image:type\" content=\"image\/png\" \/>\n<meta name=\"twitter:card\" content=\"summary_large_image\" \/>\n<meta name=\"twitter:label1\" content=\"Dur\u00e9e de lecture estim\u00e9e\" \/>\n\t<meta name=\"twitter:data1\" content=\"1 minute\" \/>\n<script type=\"application\/ld+json\" class=\"yoast-schema-graph\">{\"@context\":\"https:\/\/schema.org\",\"@graph\":[{\"@type\":\"WebPage\",\"@id\":\"https:\/\/www.cottage-milord.be\/index.php\/pension-tarifs\/\",\"url\":\"https:\/\/www.cottage-milord.be\/index.php\/pension-tarifs\/\",\"name\":\"Le cottage de Milord ASBL - Pension pour chiens et tarifs\",\"isPartOf\":{\"@id\":\"https:\/\/www.cottage-milord.be\/#website\"},\"datePublished\":\"2015-01-16T09:33:11+00:00\",\"dateModified\":\"2022-08-12T10:38:14+00:00\",\"description\":\"Le cottage de Milord ASBL, \u00e0 Florenville, accueille vos chiens toute l\u2019ann\u00e9e lors de votre absence. D\u00e9couvrez nos modalit\u00e9s et tarifs.\",\"breadcrumb\":{\"@id\":\"https:\/\/www.cottage-milord.be\/index.php\/pension-tarifs\/#breadcrumb\"},\"inLanguage\":\"fr-FR\",\"potentialAction\":[{\"@type\":\"ReadAction\",\"target\":[\"https:\/\/www.cottage-milord.be\/index.php\/pension-tarifs\/\"]}]},{\"@type\":\"BreadcrumbList\",\"@id\":\"https:\/\/www.cottage-milord.be\/index.php\/pension-tarifs\/#breadcrumb\",\"itemListElement\":[{\"@type\":\"ListItem\",\"position\":1,\"name\":\"Home\",\"item\":\"https:\/\/www.cottage-milord.be\/\"},{\"@type\":\"ListItem\",\"position\":2,\"name\":\"Pension &#038; tarifs\"}]},{\"@type\":\"WebSite\",\"@id\":\"https:\/\/www.cottage-milord.be\/#website\",\"url\":\"https:\/\/www.cottage-milord.be\/\",\"name\":\"Le cottage de Milord\",\"description\":\"Refuge et pension pour chiens &amp; chats - Florenville\",\"potentialAction\":[{\"@type\":\"SearchAction\",\"target\":{\"@type\":\"EntryPoint\",\"urlTemplate\":\"https:\/\/www.cottage-milord.be\/?s={search_term_string}\"},\"query-input\":\"required name=search_term_string\"}],\"inLanguage\":\"fr-FR\"}]}<\/script>\n<!-- \/ Yoast SEO plugin. -->","yoast_head_json":{"title":"Le cottage de Milord ASBL - Pension pour chiens et tarifs","description":"Le cottage de Milord ASBL, \u00e0 Florenville, accueille vos chiens toute l\u2019ann\u00e9e lors de votre absence. D\u00e9couvrez nos modalit\u00e9s et tarifs.","robots":{"index":"index","follow":"follow","max-snippet":"max-snippet:-1","max-image-preview":"max-image-preview:large","max-video-preview":"max-video-preview:-1"},"canonical":"https:\/\/www.cottage-milord.be\/index.php\/pension-tarifs\/","og_locale":"fr_FR","og_type":"article","og_title":"Le cottage de Milord ASBL - Pension pour chiens et tarifs","og_description":"Le cottage de Milord ASBL, \u00e0 Florenville, accueille vos chiens toute l\u2019ann\u00e9e lors de votre absence. D\u00e9couvrez nos modalit\u00e9s et tarifs.","og_url":"https:\/\/www.cottage-milord.be\/index.php\/pension-tarifs\/","og_site_name":"Le cottage de Milord","article_publisher":"https:\/\/www.facebook.com\/cottagemilordasbl\/","article_modified_time":"2022-08-12T10:38:14+00:00","og_image":[{"width":1241,"height":754,"url":"https:\/\/www.cottage-milord.be\/wp-content\/uploads\/2019\/11\/Capture-d\u2019e\u0301cran-2019-11-09-a\u0300-17.17.01.png","type":"image\/png"}],"twitter_card":"summary_large_image","twitter_misc":{"Dur\u00e9e de lecture estim\u00e9e":"1 minute"},"schema":{"@context":"https:\/\/schema.org","@graph":[{"@type":"WebPage","@id":"https:\/\/www.cottage-milord.be\/index.php\/pension-tarifs\/","url":"https:\/\/www.cottage-milord.be\/index.php\/pension-tarifs\/","name":"Le cottage de Milord ASBL - Pension pour chiens et tarifs","isPartOf":{"@id":"https:\/\/www.cottage-milord.be\/#website"},"datePublished":"2015-01-16T09:33:11+00:00","dateModified":"2022-08-12T10:38:14+00:00","description":"Le cottage de Milord ASBL, \u00e0 Florenville, accueille vos chiens toute l\u2019ann\u00e9e lors de votre absence. D\u00e9couvrez nos modalit\u00e9s et tarifs.","breadcrumb":{"@id":"https:\/\/www.cottage-milord.be\/index.php\/pension-tarifs\/#breadcrumb"},"inLanguage":"fr-FR","potentialAction":[{"@type":"ReadAction","target":["https:\/\/www.cottage-milord.be\/index.php\/pension-tarifs\/"]}]},{"@type":"BreadcrumbList","@id":"https:\/\/www.cottage-milord.be\/index.php\/pension-tarifs\/#breadcrumb","itemListElement":[{"@type":"ListItem","position":1,"name":"Home","item":"https:\/\/www.cottage-milord.be\/"},{"@type":"ListItem","position":2,"name":"Pension &#038; tarifs"}]},{"@type":"WebSite","@id":"https:\/\/www.cottage-milord.be\/#website","url":"https:\/\/www.cottage-milord.be\/","name":"Le cottage de Milord","description":"Refuge et pension pour chiens &amp; chats - Florenville","potentialAction":[{"@type":"SearchAction","target":{"@type":"EntryPoint","urlTemplate":"https:\/\/www.cottage-milord.be\/?s={search_term_string}"},"query-input":"required name=search_term_string"}],"inLanguage":"fr-FR"}]}},"_links":{"self":[{"href":"https:\/\/www.cottage-milord.be\/index.php\/wp-json\/wp\/v2\/pages\/2182"}],"collection":[{"href":"https:\/\/www.cottage-milord.be\/index.php\/wp-json\/wp\/v2\/pages"}],"about":[{"href":"https:\/\/www.cottage-milord.be\/index.php\/wp-json\/wp\/v2\/types\/page"}],"author":[{"embeddable":true,"href":"https:\/\/www.cottage-milord.be\/index.php\/wp-json\/wp\/v2\/users\/2"}],"replies":[{"embeddable":true,"href":"https:\/\/www.cottage-milord.be\/index.php\/wp-json\/wp\/v2\/comments?post=2182"}],"version-history":[{"count":27,"href":"https:\/\/www.cottage-milord.be\/index.php\/wp-json\/wp\/v2\/pages\/2182\/revisions"}],"predecessor-version":[{"id":5333,"href":"https:\/\/www.cottage-milord.be\/index.php\/wp-json\/wp\/v2\/pages\/2182\/revisions\/5333"}],"wp:attachment":[{"href":"https:\/\/www.cottage-milord.be\/index.php\/wp-json\/wp\/v2\/media?parent=2182"}],"curies":[{"name":"wp","href":"https:\/\/api.w.org\/{rel}","templated":true}]}}