{"id":2157,"date":"2015-01-16T09:21:30","date_gmt":"2015-01-16T09:21:30","guid":{"rendered":"http:\/\/pet-rescue.cmsmasters.net\/?page_id=2157"},"modified":"2022-08-12T12:07:54","modified_gmt":"2022-08-12T10:07:54","slug":"animaux-adoption","status":"publish","type":"page","link":"https:\/\/www.cottage-milord.be\/index.php\/animaux-adoption\/","title":{"rendered":"Tous les animaux"},"content":{"rendered":"<style type=\"text\/css\"> \n#cmsms_row_69f9b035279ee7_59029841 { \n\tbackground-image: url(https:\/\/www.cottage-milord.be\/wp-content\/uploads\/2019\/11\/adoption-animaux.jpg); \n\tbackground-position: top center; \n\tbackground-repeat: no-repeat; \n\tbackground-attachment: scroll; \n\tbackground-size: cover; \n} \n\n#cmsms_row_69f9b035279ee7_59029841 .cmsms_row_outer_parent { \n\tpadding-top: 0px; \n} \n\n#cmsms_row_69f9b035279ee7_59029841 .cmsms_row_outer_parent { \n\tpadding-bottom: 50px; \n} \n\n#cmsms_row_69f9b035279ee7_59029841 .cmsms_row_inner.cmsms_row_fullwidth { \n\tpadding-left:3%; \n} \n#cmsms_row_69f9b035279ee7_59029841 .cmsms_row_inner.cmsms_row_fullwidth { \n\tpadding-right:0%; \n} \n \n#cmsms_heading_69f9b035281535_26009247 { \n\ttext-align:left; \n\tmargin-top:150px; \n\tmargin-bottom:0px; \n} \n\n#cmsms_heading_69f9b035281535_26009247 .cmsms_heading { \n\ttext-align:left; \n} \n\n#cmsms_heading_69f9b035281535_26009247 .cmsms_heading, #cmsms_heading_69f9b035281535_26009247 .cmsms_heading a { \n\tfont-weight:bold; \n\tfont-style:normal; \n\tcolor:#e8a844; color:rgba(232, 168, 68, 1);\n} \n\n#cmsms_heading_69f9b035281535_26009247 .cmsms_heading_divider { \n} \n\n \n#cmsms_heading_69f9b035281945_48334790 { \n\ttext-align:left; \n\tmargin-top:0px; \n\tmargin-bottom:20px; \n} \n\n#cmsms_heading_69f9b035281945_48334790 .cmsms_heading { \n\ttext-align:left; \n} \n\n#cmsms_heading_69f9b035281945_48334790 .cmsms_heading, #cmsms_heading_69f9b035281945_48334790 .cmsms_heading a { \n\tfont-weight:bold; \n\tfont-style:normal; \n\tcolor:#e8a844; color:rgba(232, 168, 68, 1);\n} \n\n#cmsms_heading_69f9b035281945_48334790 .cmsms_heading_divider { \n} \n\n \n#cmsms_row_69f9b035283033_08399518 .cmsms_row_outer_parent { \n\tpadding-top: 50px; \n} \n\n#cmsms_row_69f9b035283033_08399518 .cmsms_row_outer_parent { \n\tpadding-bottom: 50px; \n} \n\n \n#cmsms_heading_69f9b035283be6_99201769 { \n\ttext-align:left; \n\tmargin-top:0px; \n\tmargin-bottom:25px; \n} \n\n#cmsms_heading_69f9b035283be6_99201769 .cmsms_heading { \n\ttext-align:left; \n} \n\n#cmsms_heading_69f9b035283be6_99201769 .cmsms_heading, #cmsms_heading_69f9b035283be6_99201769 .cmsms_heading a { \n\tfont-weight:bold; \n\tfont-style:normal; \n} \n\n#cmsms_heading_69f9b035283be6_99201769 .cmsms_heading_divider { \n} \n\n \n#cmsms_heading_69f9b035283d68_02678419 { \n\ttext-align:left; \n\tmargin-top:0px; \n\tmargin-bottom:0px; \n} \n\n#cmsms_heading_69f9b035283d68_02678419 .cmsms_heading { \n\ttext-align:left; \n} \n\n#cmsms_heading_69f9b035283d68_02678419 .cmsms_heading, #cmsms_heading_69f9b035283d68_02678419 .cmsms_heading a { \n\tfont-weight:bold; \n\tfont-style:normal; \n} \n\n#cmsms_heading_69f9b035283d68_02678419 .cmsms_heading_divider { \n} \n\n \n#cmsms_row_69f9b035283f31_12337361 .cmsms_row_outer_parent { \n\tpadding-top: 0px; \n} \n\n#cmsms_row_69f9b035283f31_12337361 .cmsms_row_outer_parent { \n\tpadding-bottom: 50px; \n} \n\n \n#cmsms_divider_69f9b035289674_93493628 { \n\tborder-bottom-width:0px; \n\tborder-bottom-style:solid; \n\tpadding-top:50px; \n\tmargin-bottom:50px; \n} \n \n#cmsms_row_69f9b035289c04_00048594 .cmsms_row_outer_parent { \n\tpadding-top: 0px; \n} \n\n#cmsms_row_69f9b035289c04_00048594 .cmsms_row_outer_parent { \n\tpadding-bottom: 50px; \n} \n\n \n#cmsms_heading_69f9b03528a154_67185945 { \n\ttext-align:left; \n\tmargin-top:0px; \n\tmargin-bottom:0px; \n} \n\n#cmsms_heading_69f9b03528a154_67185945 .cmsms_heading { \n\ttext-align:left; \n} \n\n#cmsms_heading_69f9b03528a154_67185945 .cmsms_heading, #cmsms_heading_69f9b03528a154_67185945 .cmsms_heading a { \n\tfont-weight:bold; \n\tfont-style:normal; \n} \n\n#cmsms_heading_69f9b03528a154_67185945 .cmsms_heading_divider { \n} \n\n \n#cmsms_row_69f9b03528a368_99492827 .cmsms_row_outer_parent { \n\tpadding-top: 0px; \n} \n\n#cmsms_row_69f9b03528a368_99492827 .cmsms_row_outer_parent { \n\tpadding-bottom: 50px; \n} \n\n \n#cmsms_divider_69f9b03528eaa5_26310231 { \n\tborder-bottom-width:0px; \n\tborder-bottom-style:solid; \n\tpadding-top:50px; \n\tmargin-bottom:50px; \n} \n \n#cmsms_row_69f9b03528ef18_35447922 .cmsms_row_outer_parent { \n\tpadding-top: 0px; \n} \n\n#cmsms_row_69f9b03528ef18_35447922 .cmsms_row_outer_parent { \n\tpadding-bottom: 50px; \n} \n\n \n#cmsms_heading_69f9b03528f3d1_35914878 { \n\ttext-align:left; \n\tmargin-top:0px; \n\tmargin-bottom:0px; \n} \n\n#cmsms_heading_69f9b03528f3d1_35914878 .cmsms_heading { \n\ttext-align:left; \n} \n\n#cmsms_heading_69f9b03528f3d1_35914878 .cmsms_heading, #cmsms_heading_69f9b03528f3d1_35914878 .cmsms_heading a { \n\tfont-weight:bold; \n\tfont-style:normal; \n} \n\n#cmsms_heading_69f9b03528f3d1_35914878 .cmsms_heading_divider { \n} \n\n \n#cmsms_row_69f9b03528f616_23483626 .cmsms_row_outer_parent { \n\tpadding-top: 0px; \n} \n\n#cmsms_row_69f9b03528f616_23483626 .cmsms_row_outer_parent { \n\tpadding-bottom: 50px; \n} \n\n \n#cmsms_divider_69f9b035290859_98269475 { \n\tborder-bottom-width:0px; \n\tborder-bottom-style:solid; \n\tpadding-top:50px; \n\tmargin-bottom:50px; \n} \n \n#cmsms_row_69f9b035290c43_43467813 { \n\tbackground-color:#f2f2f2; background-color:rgba(242, 242, 242, 1);\n} \n\n#cmsms_row_69f9b035290c43_43467813 .cmsms_row_outer_parent { \n\tpadding-top: 40px; \n} \n\n#cmsms_row_69f9b035290c43_43467813 .cmsms_row_outer_parent { \n\tpadding-bottom: 50px; \n} \n\n \n#cmsms_heading_69f9b0352919f1_79229297 { \n\ttext-align:center; \n\tmargin-top:0px; \n\tmargin-bottom:20px; \n} \n\n#cmsms_heading_69f9b0352919f1_79229297 .cmsms_heading { \n\ttext-align:center; \n} \n\n#cmsms_heading_69f9b0352919f1_79229297 .cmsms_heading, #cmsms_heading_69f9b0352919f1_79229297 .cmsms_heading a { \n\tfont-weight:bold; \n\tfont-style:normal; \n} \n\n#cmsms_heading_69f9b0352919f1_79229297 .cmsms_heading_divider { \n} \n\n\n#cmsms_button_69f9b035291c54_79992739 { \n\ttext-align:center; \n} \n\n#cmsms_button_69f9b035291c54_79992739 .cmsms_button:before { \n\tmargin-right:.5em; \n\tmargin-left:0; \n\tvertical-align:baseline; \n} \n\n#cmsms_button_69f9b035291c54_79992739 .cmsms_button { \n\tfont-weight:normal; \n\tfont-style:normal; \n\tborder-style:solid; \n} \n#cmsms_button_69f9b035291c54_79992739 .cmsms_button:hover { \n} \n \n#cmsms_row_69f9b035291ed9_25275997 .cmsms_row_outer_parent { \n\tpadding-top: 30px; \n} \n\n#cmsms_row_69f9b035291ed9_25275997 .cmsms_row_outer_parent { \n\tpadding-bottom: 0px; \n} \n\n<\/style><div id=\"cmsms_row_69f9b035279ee7_59029841\" class=\"cmsms_row cmsms_color_scheme_default\" data-stellar-background-ratio=\"0.5\">\n<div class=\"cmsms_row_outer_parent\">\n<div class=\"cmsms_row_outer\">\n<div class=\"cmsms_row_inner cmsms_row_fullwidth\">\n<div class=\"cmsms_row_margin\">\n<div class=\"cmsms_column one_half\">\n\n<div id=\"cmsms_heading_69f9b035281535_26009247\" class=\"cmsms_heading_wrap cmsms_heading_align_left\">\n\t<h2 class=\"cmsms_heading\">Ces adorables chiens &amp; chats<\/h2>\n<\/div>\n<div id=\"cmsms_heading_69f9b035281945_48334790\" class=\"cmsms_heading_wrap cmsms_heading_align_left\">\n\t<h4 class=\"cmsms_heading\">vous attendent<\/h4>\n<\/div><div class=\"cmsms_text\">\n<p style=\"font-size: 16px;\"><span style=\"color: #ffffff;\">Donnez \u00e0 ces chats et ces chiens une seconde chance !<br \/>\nOffrez-leur un foyer affectueux et faites d&rsquo;eux votre meilleur compagnon.<\/span><\/p>\n<\/div>\n<\/div>\n<div class=\"cmsms_column one_half\">\n<\/div>\n<\/div>\n<\/div>\n<\/div>\n<\/div>\n<\/div>\n<div id=\"cmsms_row_69f9b035283033_08399518\" class=\"cmsms_row cmsms_color_scheme_default\">\n<div class=\"cmsms_row_outer_parent\">\n<div class=\"cmsms_row_outer\">\n<div class=\"cmsms_row_inner\">\n<div class=\"cmsms_row_margin\">\n<div class=\"cmsms_column one_first\">\n\n<div id=\"cmsms_heading_69f9b035283be6_99201769\" class=\"cmsms_heading_wrap cmsms_heading_align_left\">\n\t<h3 class=\"cmsms_heading\">Ils sont impatients de trouver une foyer chaleureux<\/h3>\n<\/div>\n<div id=\"cmsms_heading_69f9b035283d68_02678419\" class=\"cmsms_heading_wrap cmsms_heading_align_left\">\n\t<h3 class=\"cmsms_heading\">CHIENS<\/h3>\n<\/div>\n<\/div>\n<\/div>\n<\/div>\n<\/div>\n<\/div>\n<\/div>\n<div id=\"cmsms_row_69f9b035283f31_12337361\" class=\"cmsms_row cmsms_color_scheme_default\">\n<div class=\"cmsms_row_outer_parent\">\n<div class=\"cmsms_row_outer\">\n<div class=\"cmsms_row_inner\">\n<div class=\"cmsms_row_margin\">\n<div class=\"cmsms_column one_third\">\n<div class=\"cmsms_img  cmsms_image_n with_caption\">\n<img src=\"https:\/\/www.cottage-milord.be\/wp-content\/uploads\/2022\/08\/Zarko-1-300x225.jpeg\" \/>\n<p class=\"cmsms_img_caption\">Chiens<\/p><\/div>\n<\/div>\n<div class=\"cmsms_column two_third\">\n\n<div id=\"cmsms_divider_69f9b035289674_93493628\" class=\"cl\"><\/div>\n<div class=\"cmsms_text\">\n<p><b>Zarko est un superbe x berger suisse de 5 ans, vaccin\u00e9, castr\u00e9 et puc\u00e9. Il n&rsquo;appr\u00e9cie ni ses cong\u00e9n\u00e8res, ni les chats. Il pr\u00e9f\u00e8re la vie au grand air et supporte mal l&rsquo;enfermement. Par contre c&rsquo;est un compagnon tr\u00e8s affectueux.<\/b><\/p>\n<p>&nbsp;<\/p>\n<div><\/div>\n<\/div>\n<\/div>\n<\/div>\n<\/div>\n<\/div>\n<\/div>\n<\/div>\n<div id=\"cmsms_row_69f9b035289c04_00048594\" class=\"cmsms_row cmsms_color_scheme_default\">\n<div class=\"cmsms_row_outer_parent\">\n<div class=\"cmsms_row_outer\">\n<div class=\"cmsms_row_inner\">\n<div class=\"cmsms_row_margin\">\n<div class=\"cmsms_column one_first\">\n\n<div id=\"cmsms_heading_69f9b03528a154_67185945\" class=\"cmsms_heading_wrap cmsms_heading_align_left\">\n\t<h3 class=\"cmsms_heading\">CHATONS<\/h3>\n<\/div>\n<\/div>\n<\/div>\n<\/div>\n<\/div>\n<\/div>\n<\/div>\n<div id=\"cmsms_row_69f9b03528a368_99492827\" class=\"cmsms_row cmsms_color_scheme_default\">\n<div class=\"cmsms_row_outer_parent\">\n<div class=\"cmsms_row_outer\">\n<div class=\"cmsms_row_inner\">\n<div class=\"cmsms_row_margin\">\n<div class=\"cmsms_column one_third\">\n<div class=\"cmsms_img  cmsms_image_n with_caption\">\n<img src=\"https:\/\/www.cottage-milord.be\/wp-content\/uploads\/2020\/12\/animal-vide-300x200.jpg\" \/>\n<p class=\"cmsms_img_caption\">Chats<\/p><\/div>\n<\/div>\n<div class=\"cmsms_column two_third\">\n\n<div id=\"cmsms_divider_69f9b03528eaa5_26310231\" class=\"cl\"><\/div>\n<div class=\"cmsms_text\">\n<p><b>\u00a0<\/b><\/p>\n<div><\/div>\n<\/div>\n<\/div>\n<\/div>\n<\/div>\n<\/div>\n<\/div>\n<\/div>\n<div id=\"cmsms_row_69f9b03528ef18_35447922\" class=\"cmsms_row cmsms_color_scheme_default\">\n<div class=\"cmsms_row_outer_parent\">\n<div class=\"cmsms_row_outer\">\n<div class=\"cmsms_row_inner\">\n<div class=\"cmsms_row_margin\">\n<div class=\"cmsms_column one_first\">\n\n<div id=\"cmsms_heading_69f9b03528f3d1_35914878\" class=\"cmsms_heading_wrap cmsms_heading_align_left\">\n\t<h3 class=\"cmsms_heading\">CHATS<\/h3>\n<\/div>\n<\/div>\n<\/div>\n<\/div>\n<\/div>\n<\/div>\n<\/div>\n<div id=\"cmsms_row_69f9b03528f616_23483626\" class=\"cmsms_row cmsms_color_scheme_default\">\n<div class=\"cmsms_row_outer_parent\">\n<div class=\"cmsms_row_outer\">\n<div class=\"cmsms_row_inner\">\n<div class=\"cmsms_row_margin\">\n<div class=\"cmsms_column one_third\">\n<div class=\"cmsms_img  cmsms_image_n with_caption\">\n<img src=\"https:\/\/www.cottage-milord.be\/wp-content\/uploads\/2020\/12\/animal-vide-300x200.jpg\" \/>\n<p class=\"cmsms_img_caption\">Chiens<\/p><\/div>\n<\/div>\n<div class=\"cmsms_column two_third\">\n\n<div id=\"cmsms_divider_69f9b035290859_98269475\" class=\"cl\"><\/div>\n<div class=\"cmsms_text\">\n<p><b>Aucun pour le moment<br \/>\nConsultez cette page r\u00e9guli\u00e8rement pour d&rsquo;autres animaux \u00e0 adopter<\/b><\/p>\n<div><\/div>\n<\/div>\n<\/div>\n<\/div>\n<\/div>\n<\/div>\n<\/div>\n<\/div>\n<div id=\"cmsms_row_69f9b035290c43_43467813\" class=\"cmsms_row cmsms_color_scheme_default\">\n<div class=\"cmsms_row_outer_parent\">\n<div class=\"cmsms_row_outer\">\n<div class=\"cmsms_row_inner\">\n<div class=\"cmsms_row_margin\">\n<div class=\"cmsms_column one_first\">\n\n<div id=\"cmsms_heading_69f9b0352919f1_79229297\" class=\"cmsms_heading_wrap cmsms_heading_align_center\">\n\t<h3 class=\"cmsms_heading\">Vous \u00eates pr\u00eats pour l&rsquo;adoption ?<\/h3>\n<\/div>\n<div id=\"cmsms_button_69f9b035291c54_79992739\" class=\"button_wrap\"><a href=\"https:\/\/www.cottage-milord.be\/index.php\/adoption\/\" class=\"cmsms_button\"><span>D\u00e9couvrez toutes les modalit\u00e9s<\/span><\/a><\/div>\n<\/div>\n<\/div>\n<\/div>\n<\/div>\n<\/div>\n<\/div>\n<div id=\"cmsms_row_69f9b035291ed9_25275997\" class=\"cmsms_row cmsms_color_scheme_second\">\n<div class=\"cmsms_row_outer_parent\">\n<div class=\"cmsms_row_outer\">\n<div class=\"cmsms_row_inner\">\n<div class=\"cmsms_row_margin\">\n<div class=\"cmsms_column one_first\">\n<div class=\"cmsms_sidebar sidebar_layout_14141414\"><aside id=\"custom_html-3\" class=\"widget_text widget widget_custom_html\"><div class=\"textwidget custom-html-widget\"><div style=\"padding-left:60px;\">\r\n<h5 style=\"margin-top: 15px;\">\r\nLe cottage de Milord\r\n<\/h5>\r\n<p style=\"color:white;font-weight:bold;font-size:14px;\">\r\n\tRue des M\u00e9l\u00e8zes, 7<br \/>\r\n\t6820 Florenville (Belgique)<br \/>\r\n\t+32 475 24 89 59<br \/>\r\n  +32 61 37 46 05\r\n<\/p>\r\n<\/div><\/div><\/aside><aside id=\"media_image-2\" class=\"widget widget_media_image\"><a href=\"https:\/\/www.paypal.com\/cgi-bin\/webscr?cmd=_s-xclick&#038;hosted_button_id=43VGFK93Y4NLQ&#038;source=url\"><img width=\"300\" height=\"150\" src=\"https:\/\/www.cottage-milord.be\/wp-content\/uploads\/2019\/11\/faire-un-don-paypal-300x150.png\" class=\"image wp-image-4447  attachment-medium size-medium\" alt=\"\" loading=\"lazy\" style=\"max-width: 100%; height: auto;\" srcset=\"https:\/\/www.cottage-milord.be\/wp-content\/uploads\/2019\/11\/faire-un-don-paypal-300x150.png 300w, https:\/\/www.cottage-milord.be\/wp-content\/uploads\/2019\/11\/faire-un-don-paypal.png 400w\" sizes=\"(max-width: 300px) 100vw, 300px\" \/><\/a><\/aside><aside id=\"custom_html-2\" class=\"widget_text widget widget_custom_html\"><div class=\"textwidget custom-html-widget\"><script>(function() {\n\twindow.mc4wp = window.mc4wp || {\n\t\tlisteners: [],\n\t\tforms: {\n\t\t\ton: function(evt, cb) {\n\t\t\t\twindow.mc4wp.listeners.push(\n\t\t\t\t\t{\n\t\t\t\t\t\tevent   : evt,\n\t\t\t\t\t\tcallback: cb\n\t\t\t\t\t}\n\t\t\t\t);\n\t\t\t}\n\t\t}\n\t}\n})();\n<\/script><!-- Mailchimp for WordPress v4.8.7 - https:\/\/wordpress.org\/plugins\/mailchimp-for-wp\/ --><form id=\"mc4wp-form-1\" class=\"mc4wp-form mc4wp-form-4476 mc4wp-form-basic\" method=\"post\" data-id=\"4476\" data-name=\"Site web - Abonnement newsletter\" ><div class=\"mc4wp-form-fields\"><h5>\r\n  Abonnement newsletter\r\n<\/h5>\r\n<p>\r\n\t<label>\r\n\t\t<input  type=\"email\" name=\"EMAIL\" placeholder=\"Inscrivez ici votre e-mail\" required \/>\r\n<\/label><input type=\"submit\" value=\"Je m'abonne\" \/>\r\n<\/p><\/div><label style=\"display: none !important;\">Laissez ce champ vide si vous \u00eates humain\u00a0: <input type=\"text\" name=\"_mc4wp_honeypot\" value=\"\" tabindex=\"-1\" autocomplete=\"off\" \/><\/label><input type=\"hidden\" name=\"_mc4wp_timestamp\" value=\"1777971253\" \/><input type=\"hidden\" name=\"_mc4wp_form_id\" value=\"4476\" \/><input type=\"hidden\" name=\"_mc4wp_form_element_id\" value=\"mc4wp-form-1\" \/><div class=\"mc4wp-response\"><\/div><\/form><!-- \/ Mailchimp for WordPress Plugin --><\/div><\/aside><aside id=\"block-2\" class=\"widget widget_block\"><h5 style=\"margin-top: 15px;\">\r\nHeures d'ouverture\r\n<\/h5>\r\n<p style=\"color:white;font-weight:bold;font-size:14px;\">\r\n\tTous les jours (WE inclus)<br>\r\n01-04 au 30-09 : de 9 \u00e0 13h<br>\r\n01-10 au 31-03 : de 10 \u00e0 13h<br>\r\nApr\u00e8s-midi sur RV<br>\r\n<\/p><\/aside><div class=\"cl\"><\/div>\n<\/div>\n<\/div>\n<\/div>\n<\/div>\n<\/div>\n<\/div>\n<\/div>\n\n","protected":false},"excerpt":{"rendered":"","protected":false},"author":1,"featured_media":0,"parent":0,"menu_order":0,"comment_status":"closed","ping_status":"open","template":"","meta":{"_mi_skip_tracking":false},"yoast_head":"<!-- This site is optimized with the Yoast SEO plugin v19.5.1 - https:\/\/yoast.com\/wordpress\/plugins\/seo\/ -->\n<title>Tous les animaux - Le cottage de Milord<\/title>\n<meta name=\"description\" content=\"D\u00e9couvrez les chiens et chats disponibles \u00e0 l&#039;adoption au Cottage de Milord, refuge de Florenville (Belgique).\" \/>\n<meta name=\"robots\" content=\"index, follow, max-snippet:-1, max-image-preview:large, max-video-preview:-1\" \/>\n<link rel=\"canonical\" href=\"https:\/\/www.cottage-milord.be\/index.php\/animaux-adoption\/\" \/>\n<meta property=\"og:locale\" content=\"fr_FR\" \/>\n<meta property=\"og:type\" content=\"article\" \/>\n<meta property=\"og:title\" content=\"Les animaux disponibles \u00e0 l&#039;adoption\" \/>\n<meta property=\"og:description\" content=\"D\u00e9couvrez les chiens et chats disponibles \u00e0 l&#039;adoption au Cottage de Milord, refuge de Florenville.\" \/>\n<meta property=\"og:url\" content=\"https:\/\/www.cottage-milord.be\/index.php\/animaux-adoption\/\" \/>\n<meta property=\"og:site_name\" content=\"Le cottage de Milord\" \/>\n<meta property=\"article:publisher\" content=\"https:\/\/www.facebook.com\/cottagemilordasbl\/\" \/>\n<meta property=\"article:modified_time\" content=\"2022-08-12T10:07:54+00:00\" \/>\n<meta property=\"og:image\" content=\"https:\/\/www.cottage-milord.be\/wp-content\/uploads\/2020\/12\/adoption-adnimaux.jpg\" \/>\n\t<meta property=\"og:image:width\" content=\"1200\" \/>\n\t<meta property=\"og:image:height\" content=\"630\" \/>\n\t<meta property=\"og:image:type\" content=\"image\/jpeg\" \/>\n<meta name=\"twitter:card\" content=\"summary_large_image\" \/>\n<meta name=\"twitter:label1\" content=\"Dur\u00e9e de lecture estim\u00e9e\" \/>\n\t<meta name=\"twitter:data1\" content=\"2 minutes\" \/>\n<script type=\"application\/ld+json\" class=\"yoast-schema-graph\">{\"@context\":\"https:\/\/schema.org\",\"@graph\":[{\"@type\":\"WebPage\",\"@id\":\"https:\/\/www.cottage-milord.be\/index.php\/animaux-adoption\/\",\"url\":\"https:\/\/www.cottage-milord.be\/index.php\/animaux-adoption\/\",\"name\":\"Tous les animaux - Le cottage de Milord\",\"isPartOf\":{\"@id\":\"https:\/\/www.cottage-milord.be\/#website\"},\"datePublished\":\"2015-01-16T09:21:30+00:00\",\"dateModified\":\"2022-08-12T10:07:54+00:00\",\"description\":\"D\u00e9couvrez les chiens et chats disponibles \u00e0 l'adoption au Cottage de Milord, refuge de Florenville (Belgique).\",\"breadcrumb\":{\"@id\":\"https:\/\/www.cottage-milord.be\/index.php\/animaux-adoption\/#breadcrumb\"},\"inLanguage\":\"fr-FR\",\"potentialAction\":[{\"@type\":\"ReadAction\",\"target\":[\"https:\/\/www.cottage-milord.be\/index.php\/animaux-adoption\/\"]}]},{\"@type\":\"BreadcrumbList\",\"@id\":\"https:\/\/www.cottage-milord.be\/index.php\/animaux-adoption\/#breadcrumb\",\"itemListElement\":[{\"@type\":\"ListItem\",\"position\":1,\"name\":\"Home\",\"item\":\"https:\/\/www.cottage-milord.be\/\"},{\"@type\":\"ListItem\",\"position\":2,\"name\":\"Tous les animaux\"}]},{\"@type\":\"WebSite\",\"@id\":\"https:\/\/www.cottage-milord.be\/#website\",\"url\":\"https:\/\/www.cottage-milord.be\/\",\"name\":\"Le cottage de Milord\",\"description\":\"Refuge et pension pour chiens &amp; chats - Florenville\",\"potentialAction\":[{\"@type\":\"SearchAction\",\"target\":{\"@type\":\"EntryPoint\",\"urlTemplate\":\"https:\/\/www.cottage-milord.be\/?s={search_term_string}\"},\"query-input\":\"required name=search_term_string\"}],\"inLanguage\":\"fr-FR\"}]}<\/script>\n<!-- \/ Yoast SEO plugin. -->","yoast_head_json":{"title":"Tous les animaux - Le cottage de Milord","description":"D\u00e9couvrez les chiens et chats disponibles \u00e0 l'adoption au Cottage de Milord, refuge de Florenville (Belgique).","robots":{"index":"index","follow":"follow","max-snippet":"max-snippet:-1","max-image-preview":"max-image-preview:large","max-video-preview":"max-video-preview:-1"},"canonical":"https:\/\/www.cottage-milord.be\/index.php\/animaux-adoption\/","og_locale":"fr_FR","og_type":"article","og_title":"Les animaux disponibles \u00e0 l'adoption","og_description":"D\u00e9couvrez les chiens et chats disponibles \u00e0 l'adoption au Cottage de Milord, refuge de Florenville.","og_url":"https:\/\/www.cottage-milord.be\/index.php\/animaux-adoption\/","og_site_name":"Le cottage de Milord","article_publisher":"https:\/\/www.facebook.com\/cottagemilordasbl\/","article_modified_time":"2022-08-12T10:07:54+00:00","og_image":[{"width":1200,"height":630,"url":"https:\/\/www.cottage-milord.be\/wp-content\/uploads\/2020\/12\/adoption-adnimaux.jpg","type":"image\/jpeg"}],"twitter_card":"summary_large_image","twitter_misc":{"Dur\u00e9e de lecture estim\u00e9e":"2 minutes"},"schema":{"@context":"https:\/\/schema.org","@graph":[{"@type":"WebPage","@id":"https:\/\/www.cottage-milord.be\/index.php\/animaux-adoption\/","url":"https:\/\/www.cottage-milord.be\/index.php\/animaux-adoption\/","name":"Tous les animaux - Le cottage de Milord","isPartOf":{"@id":"https:\/\/www.cottage-milord.be\/#website"},"datePublished":"2015-01-16T09:21:30+00:00","dateModified":"2022-08-12T10:07:54+00:00","description":"D\u00e9couvrez les chiens et chats disponibles \u00e0 l'adoption au Cottage de Milord, refuge de Florenville (Belgique).","breadcrumb":{"@id":"https:\/\/www.cottage-milord.be\/index.php\/animaux-adoption\/#breadcrumb"},"inLanguage":"fr-FR","potentialAction":[{"@type":"ReadAction","target":["https:\/\/www.cottage-milord.be\/index.php\/animaux-adoption\/"]}]},{"@type":"BreadcrumbList","@id":"https:\/\/www.cottage-milord.be\/index.php\/animaux-adoption\/#breadcrumb","itemListElement":[{"@type":"ListItem","position":1,"name":"Home","item":"https:\/\/www.cottage-milord.be\/"},{"@type":"ListItem","position":2,"name":"Tous les animaux"}]},{"@type":"WebSite","@id":"https:\/\/www.cottage-milord.be\/#website","url":"https:\/\/www.cottage-milord.be\/","name":"Le cottage de Milord","description":"Refuge et pension pour chiens &amp; chats - Florenville","potentialAction":[{"@type":"SearchAction","target":{"@type":"EntryPoint","urlTemplate":"https:\/\/www.cottage-milord.be\/?s={search_term_string}"},"query-input":"required name=search_term_string"}],"inLanguage":"fr-FR"}]}},"_links":{"self":[{"href":"https:\/\/www.cottage-milord.be\/index.php\/wp-json\/wp\/v2\/pages\/2157"}],"collection":[{"href":"https:\/\/www.cottage-milord.be\/index.php\/wp-json\/wp\/v2\/pages"}],"about":[{"href":"https:\/\/www.cottage-milord.be\/index.php\/wp-json\/wp\/v2\/types\/page"}],"author":[{"embeddable":true,"href":"https:\/\/www.cottage-milord.be\/index.php\/wp-json\/wp\/v2\/users\/1"}],"replies":[{"embeddable":true,"href":"https:\/\/www.cottage-milord.be\/index.php\/wp-json\/wp\/v2\/comments?post=2157"}],"version-history":[{"count":35,"href":"https:\/\/www.cottage-milord.be\/index.php\/wp-json\/wp\/v2\/pages\/2157\/revisions"}],"predecessor-version":[{"id":5325,"href":"https:\/\/www.cottage-milord.be\/index.php\/wp-json\/wp\/v2\/pages\/2157\/revisions\/5325"}],"wp:attachment":[{"href":"https:\/\/www.cottage-milord.be\/index.php\/wp-json\/wp\/v2\/media?parent=2157"}],"curies":[{"name":"wp","href":"https:\/\/api.w.org\/{rel}","templated":true}]}}