{"id":2000,"date":"2015-01-15T10:39:54","date_gmt":"2015-01-15T10:39:54","guid":{"rendered":"http:\/\/pet-rescue.cmsmasters.net\/?page_id=2000"},"modified":"2020-12-11T10:23:12","modified_gmt":"2020-12-11T09:23:12","slug":"accueil","status":"publish","type":"page","link":"https:\/\/www.cottage-milord.be\/","title":{"rendered":"Accueil"},"content":{"rendered":"<style type=\"text\/css\"> \n#cmsms_row_69f734145a74d6_91260574 .cmsms_row_outer_parent { \n\tpadding-top: 0px; \n} \n\n#cmsms_row_69f734145a74d6_91260574 .cmsms_row_outer_parent { \n\tpadding-bottom: 0px; \n} \n\n#cmsms_row_69f734145a74d6_91260574 .cmsms_row_inner.cmsms_row_fullwidth { \n\tpadding-left:0%; \n} \n#cmsms_row_69f734145a74d6_91260574 .cmsms_row_inner.cmsms_row_fullwidth { \n\tpadding-right:0%; \n} \n \n#cmsms_row_69f734145b2ab1_31128199 { \n\tbackground-image: url(https:\/\/www.cottage-milord.be\/wp-content\/uploads\/2015\/01\/red-background.jpg); \n\tbackground-position: top center; \n\tbackground-repeat: no-repeat; \n\tbackground-attachment: scroll; \n\tbackground-size: cover; \n} \n\n#cmsms_row_69f734145b2ab1_31128199 .cmsms_row_outer_parent { \n\tpadding-top: 0px; \n} \n\n#cmsms_row_69f734145b2ab1_31128199 .cmsms_row_outer_parent { \n\tpadding-bottom: 75px; \n} \n\n#cmsms_row_69f734145b2ab1_31128199 .cmsms_row_inner.cmsms_row_fullwidth { \n\tpadding-left:3%; \n} \n#cmsms_row_69f734145b2ab1_31128199 .cmsms_row_inner.cmsms_row_fullwidth { \n\tpadding-right:3%; \n} \n \n#cmsms_heading_69f734145b7154_47588929 { \n\ttext-align:center; \n\tmargin-top:50px; \n\tmargin-bottom:20px; \n} \n\n#cmsms_heading_69f734145b7154_47588929 .cmsms_heading { \n\ttext-align:center; \n} \n\n#cmsms_heading_69f734145b7154_47588929 .cmsms_heading, #cmsms_heading_69f734145b7154_47588929 .cmsms_heading a { \n\tfont-size:36px; \n\tline-height:44px; \n\tfont-weight:700; \n\tfont-style:normal; \n\tcolor:#ffffff; color:rgba(255, 255, 255, 1);\n} \n\n#cmsms_heading_69f734145b7154_47588929 .cmsms_heading_divider { \n} \n\n \n#cmsms_divider_69f734145bb4b9_01883458 { \n\tborder-bottom-width:0px; \n\tborder-bottom-style:solid; \n\tpadding-top:25px; \n\tmargin-bottom:0px; \n} \n\n#cmsms_button_69f734145bbc02_12083094 { \n\ttext-align:center; \n} \n\n#cmsms_button_69f734145bbc02_12083094 .cmsms_button:before { \n\tmargin-right:.5em; \n\tmargin-left:0; \n\tvertical-align:baseline; \n} \n\n#cmsms_button_69f734145bbc02_12083094 .cmsms_button { \n\tfont-weight:bold; \n\tfont-style:normal; \n\tborder-style:solid; \n} \n#cmsms_button_69f734145bbc02_12083094 .cmsms_button:hover { \n} \n \n#cmsms_heading_69f734145bc4f7_31726132 { \n\ttext-align:center; \n\tmargin-top:50px; \n\tmargin-bottom:20px; \n} \n\n#cmsms_heading_69f734145bc4f7_31726132 .cmsms_heading { \n\ttext-align:center; \n} \n\n#cmsms_heading_69f734145bc4f7_31726132 .cmsms_heading, #cmsms_heading_69f734145bc4f7_31726132 .cmsms_heading a { \n\tline-height:44px; \n\tfont-weight:bold; \n\tfont-style:normal; \n\tcolor:#ffffff; color:rgba(255, 255, 255, 1);\n} \n\n#cmsms_heading_69f734145bc4f7_31726132 .cmsms_heading_divider { \n} \n\n \n#cmsms_divider_69f734145bfe37_32817384 { \n\tborder-bottom-width:0px; \n\tborder-bottom-style:solid; \n\tpadding-top:25px; \n\tmargin-bottom:0px; \n} \n\n#cmsms_button_69f734145c01d5_37747836 { \n\ttext-align:center; \n} \n\n#cmsms_button_69f734145c01d5_37747836 .cmsms_button:before { \n\tmargin-right:.5em; \n\tmargin-left:0; \n\tvertical-align:baseline; \n} \n\n#cmsms_button_69f734145c01d5_37747836 .cmsms_button { \n\tfont-weight:bold; \n\tfont-style:normal; \n\tborder-style:solid; \n} \n#cmsms_button_69f734145c01d5_37747836 .cmsms_button:hover { \n} \n \n#cmsms_heading_69f734145c09f1_50331818 { \n\ttext-align:center; \n\tmargin-top:50px; \n\tmargin-bottom:20px; \n} \n\n#cmsms_heading_69f734145c09f1_50331818 .cmsms_heading { \n\ttext-align:center; \n} \n\n#cmsms_heading_69f734145c09f1_50331818 .cmsms_heading, #cmsms_heading_69f734145c09f1_50331818 .cmsms_heading a { \n\tline-height:44px; \n\tfont-weight:bold; \n\tfont-style:normal; \n\tcolor:#ffffff; color:rgba(255, 255, 255, 1);\n} \n\n#cmsms_heading_69f734145c09f1_50331818 .cmsms_heading_divider { \n} \n\n \n#cmsms_divider_69f734145c3d05_04720009 { \n\tborder-bottom-width:0px; \n\tborder-bottom-style:solid; \n\tpadding-top:25px; \n\tmargin-bottom:0px; \n} \n\n#cmsms_button_69f734145c4134_91860769 { \n\ttext-align:center; \n} \n\n#cmsms_button_69f734145c4134_91860769 .cmsms_button:before { \n\tmargin-right:.5em; \n\tmargin-left:0; \n\tvertical-align:baseline; \n} \n\n#cmsms_button_69f734145c4134_91860769 .cmsms_button { \n\tfont-weight:bold; \n\tfont-style:normal; \n\tborder-style:solid; \n} \n#cmsms_button_69f734145c4134_91860769 .cmsms_button:hover { \n} \n \n#cmsms_heading_69f734145c48a1_27886100 { \n\ttext-align:center; \n\tmargin-top:50px; \n\tmargin-bottom:20px; \n} \n\n#cmsms_heading_69f734145c48a1_27886100 .cmsms_heading { \n\ttext-align:center; \n} \n\n#cmsms_heading_69f734145c48a1_27886100 .cmsms_heading, #cmsms_heading_69f734145c48a1_27886100 .cmsms_heading a { \n\tline-height:44px; \n\tfont-weight:bold; \n\tfont-style:normal; \n\tcolor:#ffffff; color:rgba(255, 255, 255, 1);\n} \n\n#cmsms_heading_69f734145c48a1_27886100 .cmsms_heading_divider { \n} \n\n \n#cmsms_divider_69f734145c77a0_62369399 { \n\tborder-bottom-width:0px; \n\tborder-bottom-style:solid; \n\tpadding-top:25px; \n\tmargin-bottom:0px; \n} \n\n#cmsms_button_69f734145c7e32_37603749 { \n\ttext-align:center; \n} \n\n#cmsms_button_69f734145c7e32_37603749 .cmsms_button:before { \n\tmargin-right:.5em; \n\tmargin-left:0; \n\tvertical-align:baseline; \n} \n\n#cmsms_button_69f734145c7e32_37603749 .cmsms_button { \n\tfont-weight:bold; \n\tfont-style:normal; \n\tborder-style:solid; \n} \n#cmsms_button_69f734145c7e32_37603749 .cmsms_button:hover { \n} \n \n#cmsms_row_69f734145c8375_56625030 .cmsms_row_outer_parent { \n\tpadding-top: 0px; \n} \n\n#cmsms_row_69f734145c8375_56625030 .cmsms_row_outer_parent { \n\tpadding-bottom: 50px; \n} \n\n \n#cmsms_heading_69f734145c95d4_69243711 { \n\ttext-align:center; \n\tmargin-top:50px; \n\tmargin-bottom:20px; \n} \n\n#cmsms_heading_69f734145c95d4_69243711 .cmsms_heading { \n\ttext-align:center; \n} \n\n#cmsms_heading_69f734145c95d4_69243711 .cmsms_heading, #cmsms_heading_69f734145c95d4_69243711 .cmsms_heading a { \n\tfont-size:36px; \n\tline-height:44px; \n\tfont-weight:700; \n\tfont-style:normal; \n} \n\n#cmsms_heading_69f734145c95d4_69243711 .cmsms_heading_divider { \n} \n\n\n#cmsms_button_69f734145c98f0_04301635 { \n\ttext-align:center; \n} \n\n#cmsms_button_69f734145c98f0_04301635 .cmsms_button:before { \n\tmargin-right:.5em; \n\tmargin-left:0; \n\tvertical-align:baseline; \n} \n\n#cmsms_button_69f734145c98f0_04301635 .cmsms_button { \n\tfont-weight:bold; \n\tfont-style:normal; \n\tborder-style:solid; \n} \n#cmsms_button_69f734145c98f0_04301635 .cmsms_button:hover { \n} \n \n#cmsms_row_69f734145c9ad1_11848171 .cmsms_row_outer_parent { \n\tpadding-top: 70px; \n} \n\n#cmsms_row_69f734145c9ad1_11848171 .cmsms_row_outer_parent { \n\tpadding-bottom: 0px; \n} \n\n<\/style><div id=\"cmsms_row_69f734145a74d6_91260574\" class=\"cmsms_row cmsms_color_scheme_default\">\n<div class=\"cmsms_row_outer_parent\">\n<div class=\"cmsms_row_outer\">\n<div class=\"cmsms_row_inner cmsms_row_fullwidth\">\n<div class=\"cmsms_row_margin\">\n<div class=\"cmsms_column one_first\">\n<div class=\"cmsms_slider\"><script data-cfasync=\"false\" type=\"text\/javascript\">var lsjQuery = jQuery;<\/script><script data-cfasync=\"false\" type=\"text\/javascript\">\r\nlsjQuery(document).ready(function() {\r\nif(typeof lsjQuery.fn.layerSlider == \"undefined\") {\r\nif( window._layerSlider && window._layerSlider.showNotice) { \r\nwindow._layerSlider.showNotice('layerslider_1','jquery');\r\n}\r\n} else {\r\nlsjQuery(\"#layerslider_1\").layerSlider({sliderVersion: '6.7.1', responsiveUnder: 0, layersContainer: 0, slideBGSize: 'auto', hideUnder: 0, hideOver: 100000, pauseOnHover: 1, skin: 'v5', skinsPath: 'https:\/\/www.cottage-milord.be\/wp-content\/plugins\/LayerSlider\/static\/layerslider\/skins\/'});\r\n}\r\n});\r\n<\/script><div id=\"layerslider_1\" class=\"ls-wp-container fitvidsignore\" style=\"width:1240px;height:780px;margin:0 auto;margin-bottom: 0px;\"><div class=\"ls-slide\" data-ls=\"bgsize:cover;duration:4000;kenburnsscale:1.2;\"><img width=\"1160\" height=\"729\" src=\"https:\/\/www.cottage-milord.be\/wp-content\/uploads\/2019\/05\/bg-cat.jpg\" class=\"ls-bg\" alt=\"\" loading=\"lazy\" srcset=\"https:\/\/www.cottage-milord.be\/wp-content\/uploads\/2019\/05\/bg-cat.jpg 1160w, https:\/\/www.cottage-milord.be\/wp-content\/uploads\/2019\/05\/bg-cat-300x189.jpg 300w, https:\/\/www.cottage-milord.be\/wp-content\/uploads\/2019\/05\/bg-cat-768x483.jpg 768w, https:\/\/www.cottage-milord.be\/wp-content\/uploads\/2019\/05\/bg-cat-1024x644.jpg 1024w, https:\/\/www.cottage-milord.be\/wp-content\/uploads\/2019\/05\/bg-cat-580x365.jpg 580w, https:\/\/www.cottage-milord.be\/wp-content\/uploads\/2019\/05\/bg-cat-820x515.jpg 820w, https:\/\/www.cottage-milord.be\/wp-content\/uploads\/2019\/05\/bg-cat-600x377.jpg 600w\" sizes=\"(max-width: 1160px) 100vw, 1160px\" \/><h3 style=\"font-weight: 700;font-family:Bitter;font-size:30px;line-height:26px;color:#f4ae40;border-radius:5px;top:501px;left:64px;\" class=\"ls-l\" data-ls=\"durationin:800;delayin:600;rotatexin:90;durationout:400;parallaxlevel:0;\">Pour la d\u00e9fense de la cause animale<\/h3><h4 style=\"Font-style: Italic;font-family:Bitter;font-size:64px;line-height:95px;color:#ffffff;top:182px;left:60px;\" class=\"ls-l\" data-ls=\"offsetxin:40;durationin:800;rotateyin:20;offsetxout:-40;durationout:400;parallaxlevel:0;\">Refuge pour chiens et chats<br> \net pension pour chiens<br> \n\u00e0 Florenville<\/h4><a style=\"\" class=\"ls-l\" href=\"https:\/\/www.cottage-milord.be\/index.php\/presentation\/\" target=\"_self\" data-ls=\"delayin:1400;rotatexin:90;durationout:400;parallaxlevel:0;\"><span style=\"padding-top:15px;padding-right:60px;padding-bottom:15px;padding-left:60px;font-family:Arial, sans-serif;font-size:18px;font-weight:700;color:#fff;background:#feae1b;border-radius:50px;top:622px;left:61px;\" class=\" cmsms_button\">D\u00e9couvrez notre ASBL<\/span><\/a><\/div><\/div><\/div>\n<div class=\"cmsms_text\">\n<div style=\"overflow: hidden; height: 1px;\"><a href=\"https:\/\/pokiestar.com\/free-pokie-games\/\">pokies games<\/a><\/div>\n<\/div>\n<\/div>\n<\/div>\n<\/div>\n<\/div>\n<\/div>\n<\/div>\n<div id=\"cmsms_row_69f734145b2ab1_31128199\" class=\"cmsms_row cmsms_color_scheme_default\">\n<div class=\"cmsms_row_outer_parent\">\n<div class=\"cmsms_row_outer\">\n<div class=\"cmsms_row_inner cmsms_row_fullwidth\">\n<div class=\"cmsms_row_margin\">\n<div class=\"cmsms_column one_fourth\">\n\n<div id=\"cmsms_heading_69f734145b7154_47588929\" class=\"cmsms_heading_wrap cmsms_heading_align_center\">\n\t<h1 class=\"cmsms_heading\">Refuge<\/h1>\n<\/div><div class=\"aligncenter\">\n<div class=\"cmsms_img  cmsms_image_c\">\n<img src=\"https:\/\/www.cottage-milord.be\/wp-content\/uploads\/2019\/11\/refuge.png\" alt=\"Refuge pour chiens et chats\" \/>\n<\/div>\n<\/div>\n\n<div id=\"cmsms_divider_69f734145bb4b9_01883458\" class=\"cl\"><\/div>\n<div class=\"cmsms_text\">\n<p style=\"text-align: center;\"><span style=\"font-size: 12pt; font-family: arial, helvetica, sans-serif; color: #ffffff;\">Vous avez trouv\u00e9 un animal abandonn\u00e9 ? D\u00e9couvrez comment l&rsquo;aider !<\/span><\/p>\n<\/div>\n\n<div id=\"cmsms_button_69f734145bbc02_12083094\" class=\"button_wrap\"><a href=\"https:\/\/www.cottage-milord.be\/index.php\/refuge\/\" class=\"cmsms_button\"><span>En savoir plus<\/span><\/a><\/div>\n<\/div>\n<div class=\"cmsms_column one_fourth\">\n\n<div id=\"cmsms_heading_69f734145bc4f7_31726132\" class=\"cmsms_heading_wrap cmsms_heading_align_center\">\n\t<h1 class=\"cmsms_heading\">Pension<\/h1>\n<\/div><div class=\"aligncenter\">\n<div class=\"cmsms_img  cmsms_image_c\">\n<img src=\"https:\/\/www.cottage-milord.be\/wp-content\/uploads\/2019\/11\/pension-1.png\" alt=\"Pension pour chiens\" \/>\n<\/div>\n<\/div>\n\n<div id=\"cmsms_divider_69f734145bfe37_32817384\" class=\"cl\"><\/div>\n<div class=\"cmsms_text\">\n<p style=\"text-align: center;\"><span style=\"color: #ffffff; font-size: 12pt;\">Vous partez en vacances et cherchez quelqu&rsquo;un pour garder votre chien ?<\/span><\/p>\n<\/div>\n\n<div id=\"cmsms_button_69f734145c01d5_37747836\" class=\"button_wrap\"><a href=\"https:\/\/www.cottage-milord.be\/index.php\/pension\/\" class=\"cmsms_button\"><span>En savoir plus<\/span><\/a><\/div>\n<\/div>\n<div class=\"cmsms_column one_fourth\">\n\n<div id=\"cmsms_heading_69f734145c09f1_50331818\" class=\"cmsms_heading_wrap cmsms_heading_align_center\">\n\t<h1 class=\"cmsms_heading\">Faire un don<\/h1>\n<\/div><div class=\"aligncenter\">\n<div class=\"cmsms_img  cmsms_image_c\">\n<img src=\"https:\/\/www.cottage-milord.be\/wp-content\/uploads\/2019\/11\/don-1.png\" alt=\"Faire un don\" \/>\n<\/div>\n<\/div>\n<div class=\"cmsms_text\">\n<div style=\"overflow: hidden; height: 1px;\"><a href=\"https:\/\/bingozap.com\/\">free bingo no deposit<\/a><\/div>\n<\/div>\n\n<div id=\"cmsms_divider_69f734145c3d05_04720009\" class=\"cl\"><\/div>\n<div class=\"cmsms_text\">\n<p style=\"text-align: center;\"><span style=\"color: #ffffff; font-size: 12pt;\">Chaque don compte !<br \/>\nVotre g\u00e9n\u00e9rosit\u00e9 aide les animaux dans le besoin.<\/span><\/p>\n<\/div>\n\n<div id=\"cmsms_button_69f734145c4134_91860769\" class=\"button_wrap\"><a href=\"https:\/\/www.cottage-milord.be\/index.php\/don\/\" class=\"cmsms_button\"><span>Faire un don<\/span><\/a><\/div>\n<\/div>\n<div class=\"cmsms_column one_fourth\">\n\n<div id=\"cmsms_heading_69f734145c48a1_27886100\" class=\"cmsms_heading_wrap cmsms_heading_align_center\">\n\t<h1 class=\"cmsms_heading\">B\u00e9n\u00e9volat<\/h1>\n<\/div><div class=\"aligncenter\">\n<div class=\"cmsms_img  cmsms_image_c\">\n<img src=\"https:\/\/www.cottage-milord.be\/wp-content\/uploads\/2019\/05\/benevolat.png\" \/>\n<\/div>\n<\/div>\n\n<div id=\"cmsms_divider_69f734145c77a0_62369399\" class=\"cl\"><\/div>\n<div class=\"cmsms_text\">\n<p style=\"text-align: center;\"><span style=\"color: #ffffff; font-size: 12pt;\">Si vous aimez les animaux, votre aide est toujours utile ! On a besoin de vous.<\/span><\/p>\n<\/div>\n\n<div id=\"cmsms_button_69f734145c7e32_37603749\" class=\"button_wrap\"><a href=\"https:\/\/www.cottage-milord.be\/index.php\/devenir-benevole\/\" class=\"cmsms_button\"><span>S&rsquo;engager<\/span><\/a><\/div>\n<\/div>\n<\/div>\n<\/div>\n<\/div>\n<\/div>\n<\/div>\n<div id=\"cmsms_row_69f734145c8375_56625030\" class=\"cmsms_row cmsms_color_scheme_default\">\n<div class=\"cmsms_row_outer_parent\">\n<div class=\"cmsms_row_outer\">\n<div class=\"cmsms_row_inner\">\n<div class=\"cmsms_row_margin\">\n<div class=\"cmsms_column one_first\">\n\n<div id=\"cmsms_heading_69f734145c95d4_69243711\" class=\"cmsms_heading_wrap cmsms_heading_align_center\">\n\t<h1 class=\"cmsms_heading\">Les animaux \u00e0 adopter<\/h1>\n<\/div>\n<div id=\"cmsms_button_69f734145c98f0_04301635\" class=\"button_wrap\"><a href=\"https:\/\/www.cottage-milord.be\/index.php\/animaux\/\" class=\"cmsms_button\"><span>Voir tous les animaux<\/span><\/a><\/div>\n<\/div>\n<\/div>\n<\/div>\n<\/div>\n<\/div>\n<\/div>\n<div id=\"cmsms_row_69f734145c9ad1_11848171\" class=\"cmsms_row cmsms_color_scheme_second\">\n<div class=\"cmsms_row_outer_parent\">\n<div class=\"cmsms_row_outer\">\n<div class=\"cmsms_row_inner\">\n<div class=\"cmsms_row_margin\">\n<div class=\"cmsms_column one_first\">\n<div class=\"cmsms_sidebar sidebar_layout_14141414\"><aside id=\"custom_html-3\" class=\"widget_text widget widget_custom_html\"><div class=\"textwidget custom-html-widget\"><div style=\"padding-left:60px;\">\r\n<h5 style=\"margin-top: 15px;\">\r\nLe cottage de Milord\r\n<\/h5>\r\n<p style=\"color:white;font-weight:bold;font-size:14px;\">\r\n\tRue des M\u00e9l\u00e8zes, 7<br \/>\r\n\t6820 Florenville (Belgique)<br \/>\r\n\t+32 475 24 89 59<br \/>\r\n  +32 61 37 46 05\r\n<\/p>\r\n<\/div><\/div><\/aside><aside id=\"media_image-2\" class=\"widget widget_media_image\"><a href=\"https:\/\/www.paypal.com\/cgi-bin\/webscr?cmd=_s-xclick&#038;hosted_button_id=43VGFK93Y4NLQ&#038;source=url\"><img width=\"300\" height=\"150\" src=\"https:\/\/www.cottage-milord.be\/wp-content\/uploads\/2019\/11\/faire-un-don-paypal-300x150.png\" class=\"image wp-image-4447  attachment-medium size-medium\" alt=\"\" loading=\"lazy\" style=\"max-width: 100%; height: auto;\" srcset=\"https:\/\/www.cottage-milord.be\/wp-content\/uploads\/2019\/11\/faire-un-don-paypal-300x150.png 300w, https:\/\/www.cottage-milord.be\/wp-content\/uploads\/2019\/11\/faire-un-don-paypal.png 400w\" sizes=\"(max-width: 300px) 100vw, 300px\" \/><\/a><\/aside><aside id=\"custom_html-2\" class=\"widget_text widget widget_custom_html\"><div class=\"textwidget custom-html-widget\"><script>(function() {\n\twindow.mc4wp = window.mc4wp || {\n\t\tlisteners: [],\n\t\tforms: {\n\t\t\ton: function(evt, cb) {\n\t\t\t\twindow.mc4wp.listeners.push(\n\t\t\t\t\t{\n\t\t\t\t\t\tevent   : evt,\n\t\t\t\t\t\tcallback: cb\n\t\t\t\t\t}\n\t\t\t\t);\n\t\t\t}\n\t\t}\n\t}\n})();\n<\/script><!-- Mailchimp for WordPress v4.8.7 - https:\/\/wordpress.org\/plugins\/mailchimp-for-wp\/ --><form id=\"mc4wp-form-1\" class=\"mc4wp-form mc4wp-form-4476 mc4wp-form-basic\" method=\"post\" data-id=\"4476\" data-name=\"Site web - Abonnement newsletter\" ><div class=\"mc4wp-form-fields\"><h5>\r\n  Abonnement newsletter\r\n<\/h5>\r\n<p>\r\n\t<label>\r\n\t\t<input  type=\"email\" name=\"EMAIL\" placeholder=\"Inscrivez ici votre e-mail\" required \/>\r\n<\/label><input type=\"submit\" value=\"Je m'abonne\" \/>\r\n<\/p><\/div><label style=\"display: none !important;\">Laissez ce champ vide si vous \u00eates humain\u00a0: <input type=\"text\" name=\"_mc4wp_honeypot\" value=\"\" tabindex=\"-1\" autocomplete=\"off\" \/><\/label><input type=\"hidden\" name=\"_mc4wp_timestamp\" value=\"1777808404\" \/><input type=\"hidden\" name=\"_mc4wp_form_id\" value=\"4476\" \/><input type=\"hidden\" name=\"_mc4wp_form_element_id\" value=\"mc4wp-form-1\" \/><div class=\"mc4wp-response\"><\/div><\/form><!-- \/ Mailchimp for WordPress Plugin --><\/div><\/aside><aside id=\"block-2\" class=\"widget widget_block\"><h5 style=\"margin-top: 15px;\">\r\nHeures d'ouverture\r\n<\/h5>\r\n<p style=\"color:white;font-weight:bold;font-size:14px;\">\r\n\tTous les jours (WE inclus)<br>\r\n01-04 au 30-09 : de 9 \u00e0 13h<br>\r\n01-10 au 31-03 : de 10 \u00e0 13h<br>\r\nApr\u00e8s-midi sur RV<br>\r\n<\/p><\/aside><div class=\"cl\"><\/div>\n<\/div>\n<\/div>\n<\/div>\n<\/div>\n<\/div>\n<\/div>\n<\/div>\n\n","protected":false},"excerpt":{"rendered":"","protected":false},"author":2,"featured_media":0,"parent":0,"menu_order":0,"comment_status":"closed","ping_status":"closed","template":"","meta":{"_mi_skip_tracking":false},"yoast_head":"<!-- This site is optimized with the Yoast SEO plugin v19.5.1 - https:\/\/yoast.com\/wordpress\/plugins\/seo\/ -->\n<title>Le cottage de Milord ASBL - Refuge pour chiens et chats \u00e0 Florenville<\/title>\n<meta name=\"description\" content=\"Refuge pour chiens et chats et pension pour chiens \u00e0 Florenville. Le cottage de Milord est une ASBL qui tend \u00e0 sensibiliser le grand public au bien-\u00eatre et au respect de l\u2019animal.\" \/>\n<meta name=\"robots\" content=\"index, follow, max-snippet:-1, max-image-preview:large, max-video-preview:-1\" \/>\n<link rel=\"canonical\" href=\"https:\/\/www.cottage-milord.be\/\" \/>\n<meta property=\"og:locale\" content=\"fr_FR\" \/>\n<meta property=\"og:type\" content=\"article\" \/>\n<meta property=\"og:title\" content=\"Le cottage de Milord ASBL - Florenville\" \/>\n<meta property=\"og:description\" content=\"Refuge pour chiens et chats et pension pour chiens \u00e0 Florenville. Pour la d\u00e9fense de la cause animale. D\u00e9couvrez notre ASBL !\" \/>\n<meta property=\"og:url\" content=\"https:\/\/www.cottage-milord.be\/\" \/>\n<meta property=\"og:site_name\" content=\"Le cottage de Milord\" \/>\n<meta property=\"article:publisher\" content=\"https:\/\/www.facebook.com\/cottagemilordasbl\/\" \/>\n<meta property=\"article:modified_time\" content=\"2020-12-11T09:23:12+00:00\" \/>\n<meta property=\"og:image\" content=\"https:\/\/www.cottage-milord.be\/wp-content\/uploads\/2019\/11\/Capture-d\u2019e\u0301cran-2019-11-09-a\u0300-16.47.14.png\" \/>\n\t<meta property=\"og:image:width\" content=\"1236\" \/>\n\t<meta property=\"og:image:height\" content=\"648\" \/>\n\t<meta property=\"og:image:type\" content=\"image\/png\" \/>\n<meta name=\"twitter:card\" content=\"summary_large_image\" \/>\n<meta name=\"twitter:label1\" content=\"Dur\u00e9e de lecture estim\u00e9e\" \/>\n\t<meta name=\"twitter:data1\" content=\"4 minutes\" \/>\n<script type=\"application\/ld+json\" class=\"yoast-schema-graph\">{\"@context\":\"https:\/\/schema.org\",\"@graph\":[{\"@type\":\"WebPage\",\"@id\":\"https:\/\/www.cottage-milord.be\/\",\"url\":\"https:\/\/www.cottage-milord.be\/\",\"name\":\"Le cottage de Milord ASBL - Refuge pour chiens et chats \u00e0 Florenville\",\"isPartOf\":{\"@id\":\"https:\/\/www.cottage-milord.be\/#website\"},\"datePublished\":\"2015-01-15T10:39:54+00:00\",\"dateModified\":\"2020-12-11T09:23:12+00:00\",\"description\":\"Refuge pour chiens et chats et pension pour chiens \u00e0 Florenville. Le cottage de Milord est une ASBL qui tend \u00e0 sensibiliser le grand public au bien-\u00eatre et au respect de l\u2019animal.\",\"breadcrumb\":{\"@id\":\"https:\/\/www.cottage-milord.be\/#breadcrumb\"},\"inLanguage\":\"fr-FR\",\"potentialAction\":[{\"@type\":\"ReadAction\",\"target\":[\"https:\/\/www.cottage-milord.be\/\"]}]},{\"@type\":\"BreadcrumbList\",\"@id\":\"https:\/\/www.cottage-milord.be\/#breadcrumb\",\"itemListElement\":[{\"@type\":\"ListItem\",\"position\":1,\"name\":\"Home\",\"item\":\"https:\/\/www.cottage-milord.be\/\"},{\"@type\":\"ListItem\",\"position\":2,\"name\":\"Accueil\"}]},{\"@type\":\"WebSite\",\"@id\":\"https:\/\/www.cottage-milord.be\/#website\",\"url\":\"https:\/\/www.cottage-milord.be\/\",\"name\":\"Le cottage de Milord\",\"description\":\"Refuge et pension pour chiens &amp; chats - Florenville\",\"potentialAction\":[{\"@type\":\"SearchAction\",\"target\":{\"@type\":\"EntryPoint\",\"urlTemplate\":\"https:\/\/www.cottage-milord.be\/?s={search_term_string}\"},\"query-input\":\"required name=search_term_string\"}],\"inLanguage\":\"fr-FR\"}]}<\/script>\n<!-- \/ Yoast SEO plugin. -->","yoast_head_json":{"title":"Le cottage de Milord ASBL - Refuge pour chiens et chats \u00e0 Florenville","description":"Refuge pour chiens et chats et pension pour chiens \u00e0 Florenville. Le cottage de Milord est une ASBL qui tend \u00e0 sensibiliser le grand public au bien-\u00eatre et au respect de l\u2019animal.","robots":{"index":"index","follow":"follow","max-snippet":"max-snippet:-1","max-image-preview":"max-image-preview:large","max-video-preview":"max-video-preview:-1"},"canonical":"https:\/\/www.cottage-milord.be\/","og_locale":"fr_FR","og_type":"article","og_title":"Le cottage de Milord ASBL - Florenville","og_description":"Refuge pour chiens et chats et pension pour chiens \u00e0 Florenville. Pour la d\u00e9fense de la cause animale. D\u00e9couvrez notre ASBL !","og_url":"https:\/\/www.cottage-milord.be\/","og_site_name":"Le cottage de Milord","article_publisher":"https:\/\/www.facebook.com\/cottagemilordasbl\/","article_modified_time":"2020-12-11T09:23:12+00:00","og_image":[{"width":1236,"height":648,"url":"https:\/\/www.cottage-milord.be\/wp-content\/uploads\/2019\/11\/Capture-d\u2019e\u0301cran-2019-11-09-a\u0300-16.47.14.png","type":"image\/png"}],"twitter_card":"summary_large_image","twitter_misc":{"Dur\u00e9e de lecture estim\u00e9e":"4 minutes"},"schema":{"@context":"https:\/\/schema.org","@graph":[{"@type":"WebPage","@id":"https:\/\/www.cottage-milord.be\/","url":"https:\/\/www.cottage-milord.be\/","name":"Le cottage de Milord ASBL - Refuge pour chiens et chats \u00e0 Florenville","isPartOf":{"@id":"https:\/\/www.cottage-milord.be\/#website"},"datePublished":"2015-01-15T10:39:54+00:00","dateModified":"2020-12-11T09:23:12+00:00","description":"Refuge pour chiens et chats et pension pour chiens \u00e0 Florenville. Le cottage de Milord est une ASBL qui tend \u00e0 sensibiliser le grand public au bien-\u00eatre et au respect de l\u2019animal.","breadcrumb":{"@id":"https:\/\/www.cottage-milord.be\/#breadcrumb"},"inLanguage":"fr-FR","potentialAction":[{"@type":"ReadAction","target":["https:\/\/www.cottage-milord.be\/"]}]},{"@type":"BreadcrumbList","@id":"https:\/\/www.cottage-milord.be\/#breadcrumb","itemListElement":[{"@type":"ListItem","position":1,"name":"Home","item":"https:\/\/www.cottage-milord.be\/"},{"@type":"ListItem","position":2,"name":"Accueil"}]},{"@type":"WebSite","@id":"https:\/\/www.cottage-milord.be\/#website","url":"https:\/\/www.cottage-milord.be\/","name":"Le cottage de Milord","description":"Refuge et pension pour chiens &amp; chats - Florenville","potentialAction":[{"@type":"SearchAction","target":{"@type":"EntryPoint","urlTemplate":"https:\/\/www.cottage-milord.be\/?s={search_term_string}"},"query-input":"required name=search_term_string"}],"inLanguage":"fr-FR"}]}},"_links":{"self":[{"href":"https:\/\/www.cottage-milord.be\/index.php\/wp-json\/wp\/v2\/pages\/2000"}],"collection":[{"href":"https:\/\/www.cottage-milord.be\/index.php\/wp-json\/wp\/v2\/pages"}],"about":[{"href":"https:\/\/www.cottage-milord.be\/index.php\/wp-json\/wp\/v2\/types\/page"}],"author":[{"embeddable":true,"href":"https:\/\/www.cottage-milord.be\/index.php\/wp-json\/wp\/v2\/users\/2"}],"replies":[{"embeddable":true,"href":"https:\/\/www.cottage-milord.be\/index.php\/wp-json\/wp\/v2\/comments?post=2000"}],"version-history":[{"count":24,"href":"https:\/\/www.cottage-milord.be\/index.php\/wp-json\/wp\/v2\/pages\/2000\/revisions"}],"predecessor-version":[{"id":5204,"href":"https:\/\/www.cottage-milord.be\/index.php\/wp-json\/wp\/v2\/pages\/2000\/revisions\/5204"}],"wp:attachment":[{"href":"https:\/\/www.cottage-milord.be\/index.php\/wp-json\/wp\/v2\/media?parent=2000"}],"curies":[{"name":"wp","href":"https:\/\/api.w.org\/{rel}","templated":true}]}}